{"id":3054,"date":"2022-01-28T16:21:23","date_gmt":"2022-01-28T16:21:23","guid":{"rendered":"https:\/\/elserratplanoles.com\/politica-de-privacitat\/"},"modified":"2022-01-28T16:21:23","modified_gmt":"2022-01-28T16:21:23","slug":"politica-de-privacitat","status":"publish","type":"page","link":"https:\/\/elserratplanoles.com\/ca\/politica-de-privacitat\/","title":{"rendered":"Pol\u00edtica de privacitat"},"content":{"rendered":"\t\t<div data-elementor-type=\"wp-page\" data-elementor-id=\"3054\" class=\"elementor elementor-3054 elementor-3\">\n\t\t\t\t\t\t<div class=\"elementor-inner\">\n\t\t\t\t<div class=\"elementor-section-wrap\">\n\t\t\t\t\t\t\t\t\t<section class=\"elementor-section elementor-top-section elementor-element elementor-element-5507a193 elementor-section-boxed elementor-section-height-default elementor-section-height-default\" data-id=\"5507a193\" data-element_type=\"section\">\n\t\t\t\t\t\t<div class=\"elementor-container elementor-column-gap-default\">\n\t\t\t\t\t\t\t<div class=\"elementor-row\">\n\t\t\t\t\t<div class=\"elementor-column elementor-col-100 elementor-top-column elementor-element elementor-element-7632c76a\" data-id=\"7632c76a\" data-element_type=\"column\">\n\t\t\t<div class=\"elementor-column-wrap elementor-element-populated\">\n\t\t\t\t\t\t\t<div class=\"elementor-widget-wrap\">\n\t\t\t\t\t\t<div class=\"elementor-element elementor-element-c27f4c6 elementor-widget elementor-widget-text-editor\" data-id=\"c27f4c6\" data-element_type=\"widget\" data-widget_type=\"text-editor.default\">\n\t\t\t\t<div class=\"elementor-widget-container\">\n\t\t\t\t\t\t\t\t<div class=\"elementor-text-editor elementor-clearfix\">\n\t\t\t\t<p>El <strong>Serrat Turisme Rural SL<\/strong> en compliment amb el Reglament Europeu de Protecci\u00f3 de Dades 679\/2016, garanteix la protecci\u00f3 i la confidencialitat de les dades personals de qualsevol tipus, que ens proporcionin els nostres clients, \u201cusuaris\u201d, a la Web.<\/p>\n<h3>Informaci\u00f3 b\u00e0sica<\/h3>\n<p>En virtut de l\u2019article 13 del Reglament Europeu de Protecci\u00f3 de Dades (RGPD), <strong>El Serrat Turisme Rural SL<\/strong> com a responsable del tractament, li informa dels seg\u00fcents aspectes rellevants:<\/p>\n<h4>Responsable del <strong>Tractament<\/strong><\/h4>\n<p><strong>El Serrat Turisme Rural SL<\/strong>, domiciliada a la Masia El Serrat s\/n de Planoles<\/p>\n<h4>Finalitat<\/h4>\n<p>La informaci\u00f3 que ens faciliten les persones interessades les tractem amb la finalitat de gestionar l\u2019enviament de la informaci\u00f3 que ens sol\u00b7liciten, i facilitat als interessats ofertes de productes i serveis del seu inter\u00e8s.<\/p>\n<p>Les dades proporcionades es conservaran mentre es mantingui una relaci\u00f3 mercantil i no es sol\u00b7liciti la seva supressi\u00f3.<\/p>\n<h4>Exercici de Drets<\/h4>\n<p>Dirigir-se a: info@elserratplanoles.com<\/p>\n<h4>Desestiment<\/h4>\n<p>Gratu\u00eft.<\/p>\n<h4>Destinataris<\/h4>\n<p>No es cediran dades a tercers excepte obligaci\u00f3 legal.<\/p>\n<h4>Reclamaci\u00f3<\/h4>\n<p>Autoritat de Control Espanyola.<\/p>\n<h4>Informaci\u00f3 Addicional<\/h4>\n<p>Pot consultar informaci\u00f3 addicional i detallada sobre la protecci\u00f3 de dades i privacitat a <a href=\"https:\/\/elserratplanoles.com\">www.elserratplanoles.com<\/a><\/p>\n<h3>Informaci\u00f3 Addicional<\/h3>\n<p>El <strong>Serrat Turisme Rural SL<\/strong> \u00e9s el responsable del tractament de dades personals que recapta i tracta, posant a la seva disposici\u00f3 els seg\u00fcents mitjans de comunicaci\u00f3 per a la seva posada en contacte a:<\/p>\n<p>El <strong>Serrat Turisme Rural SL<\/strong> amb NIF <strong>B17629262<\/strong> amb adre\u00e7a a <strong>Masia El Serrat s\/n de Planoles<\/strong> i correu electr\u00f2nic: <a href=\"mailto:info@elserratplanoles.com\">info@elserratplanoles.com<\/a><\/p>\n<h3>Abast de la Pol\u00edtica<\/h3>\n<p>Quan accedeixi i utilitzi la nostra p\u00e0gina Web www.elserratplanoles.com, es compromet a acceptar aquesta Pol\u00edtica de Privacitat, aix\u00ed com les disposicions contingudes en l\u2019Av\u00eds Legal i Pol\u00edtica de Cookies.<\/p>\n<p>Li proporcionem la informaci\u00f3 perqu\u00e8 amb car\u00e0cter previ a la documentaci\u00f3 de les seves dades personals pugui accedir a la Pol\u00edtica de Privacitat i a qualsevol altra informaci\u00f3 rellevant en mat\u00e8ria de Protecci\u00f3 de Dades.<\/p>\n<p>Aix\u00ed mateix, la present pol\u00edtica serveix per facilitar informaci\u00f3 addicional de segon nivell, d\u2019aquelles cl\u00e0usules informatives que redirigeixen a aquesta, amb tal finalitat.<\/p>\n<h3>Finalitat del Tractament<\/h3>\n<p>El Serrat Turisme Rural SL tractar\u00e0 la informaci\u00f3 que ens proporcioni amb les seg\u00fcents finalitats:<\/p>\n<ul>\n<li>Gestionar qualsevol tipus de sol\u00b7licitud, suggeriment o petici\u00f3 sobre els nostres serveis professionals que ens formuli.<\/li>\n<li>Comunicacions comercials: Tractament de les seves dades amb la finalitat d\u2019informar-li d\u2019articles d\u2019inter\u00e8s i informaci\u00f3 general sobre els nostres serveis via correu electr\u00f2nic.<\/li>\n<li>Gestions administratives, comptables i fiscals.<\/li>\n<\/ul>\n<p>El Serrat Turisme Rural SL tractar\u00e0 les seves dades i informaci\u00f3 aportada per als processos de selecci\u00f3 amb la m\u00e9s estricta confidencialitat, adoptant per aix\u00f2 les mesures t\u00e8cniques i organitzatives necess\u00e0ries per evitar la p\u00e8rdua, mal \u00fas, alteraci\u00f3 i\/o acc\u00e9s no autoritzat.<\/p>\n<h3>Termini de conservaci\u00f3 de les seves dades<\/h3>\n<p>El per\u00edode de conservaci\u00f3 de les dades personals variar\u00e0 en funci\u00f3 del servei que pugui arribar a contractar o prestar.<\/p>\n<p>En qualsevol cas, ser\u00e0 el m\u00ednim necessari, podent mantenir-se segons les circumst\u00e0ncies que s&#8217;apliquin en cada cas i la legislaci\u00f3 vigent.<\/p>\n<h3>Legitimaci\u00f3<\/h3>\n<p>La base legal per al tractament de les dades \u00e9s el consentiment de les persones interessades per a la tramitaci\u00f3 i gesti\u00f3 de qualsevol sol\u00b7licitud d&#8217;informaci\u00f3 o consulta sobre els nostres serveis professionals, aix\u00ed com per a l&#8217;enviament de comunicacions comercials dutes a terme per El Serrat Turisme Rural quan el tractament sigui necessari per a l&#8217;execuci\u00f3 d&#8217;un contracte.<\/p>\n<h3>Proced\u00e8ncia de les dades<\/h3>\n<p>Totes les dades personals que tractem a trav\u00e9s de la nostra p\u00e0gina web procedeixen directament del propi interessat.<\/p>\n<h3>Drets<\/h3>\n<p>En compliment amb la Normativa Europea de Protecci\u00f3 de Dades -comunament denominat RGPD- l\u2019informa dels drets que ostenta com a titular i afectat de les dades personals que recaptem i tractem, incloent els seg\u00fcents drets:<\/p>\n<p>T\u00e9 dret a desistir de forma gratu\u00efta i a qualsevol moment del consentiment atorgat per al tractament de les seves dades personals.<\/p>\n<ul>\n<li>T\u00e9 reconegut el dret d&#8217;acc\u00e9s a les seves dades personals aix\u00ed com el dret a la seva rectificaci\u00f3.<\/li>\n<li>T\u00e9 dret a oposar-se al processament de les seves dades personals, aix\u00ed com el dret a supressi\u00f3, comunament denominat, dret a l&#8217;oblit. D&#8217;igual forma, t\u00e9 dret a oposar-se al tractament per a decisions individuals automatitzades.<\/li>\n<li>T\u00e9 dret a obtenir la limitaci\u00f3 del tractament de dades personals.<\/li>\n<li>T\u00e9 dret a sol\u00b7licitar la portabilitat de les seves dades personals.<\/li>\n<li>T\u00e9 dret a presentar una queixa a l&#8217;Autoritat de Control en mat\u00e8ria de protecci\u00f3 de dades que correspongui, sent l&#8217;Ag\u00e8ncia Espanyola de Protecci\u00f3 de Dades (<a href=\"https:www.agpd.es\" target=\"_blank\" rel=\"noopener\">www.agpd.es<\/a>).<\/li>\n<\/ul>\n<p>Els precedents drets reconeguts els podr\u00e0 exercitar mitjan\u00e7ant sol\u00b7licitud dirigida a trav\u00e9s del correu electr\u00f2nic: <a href=\"mailto:info@elserratplanoles.com\">info@elserratplanoles.com<\/a> oo a trav\u00e9s dels mitjans de contacte que posem a la seva disposici\u00f3 indicant en l\u2019assumpte del missatge o comunicaci\u00f3 la refer\u00e8ncia: Drets RGPD. Aix\u00ed mateix, en cas que per poder cursar aquesta sol\u00b7licitud precisem d&#8217;informaci\u00f3 addicional que permeti acreditar la identitat de la persona exercint i vinculada al tractament de dades personals, es requerir\u00e0 l&#8217;aportaci\u00f3 d&#8217;informaci\u00f3 addicional o documental que acrediti aquesta identitat de l&#8217;afectat o interessat que exerceixi el dret en q\u00fcesti\u00f3.<\/p>\n<h3>Desestiment<\/h3>\n<p>En virtut de la Directiva 2002\/58\/CE en relaci\u00f3 als serveis de la societat de la informaci\u00f3 i la possibilitat de remetre comunicacions promocionals o publicit\u00e0ries per mitjans electr\u00f2nics, incorpora o facilita als destinataris d&#8217;aquestes comunicacions mecanismes, senzills i gratu\u00efts, per desistir del consentiment atorgat per a la finalitat de l&#8217;enviament d&#8217;aquelles, complint \u00edntegrament amb la normativa europea i nacional sobre la mat\u00e8ria referida.<\/p>\n<h3>Pol\u00edtica de Cookies<\/h3>\n<p>Una &#8220;Cookie&#8221; \u00e9s un petit arxiu que s&#8217;emmagatzema a l&#8217;ordinador de l&#8217;usuari i ens permet recon\u00e8ixer-li. El conjunt de &#8220;cookies&#8221; ens ajuda a millorar la qualitat de la nostra web, permetent-nos controlar quines p\u00e0gines troben els nostres usuaris \u00fatils i quines no.<\/p>\n<p>Les cookies s\u00f3n essencials per al funcionament d&#8217;Internet, aportant innombrables avantatges en la prestaci\u00f3 de serveis interactius, facilitant-li la navegaci\u00f3 i l\u2019\u00fas de la nostra web. Tingui en compte que les cookies no poden danyar el seu equip i a l\u2019estar activades ens ajuden a identificar i resoldre els errors.<\/p>\n<h3>Av\u00eds de violaci\u00f3 de dades personals<\/h3>\n<p>En el cas que les seves dades es vegin compromeses, El Serrat Turisme Rural SL li notificar\u00e0 a Vost\u00e8 i a les autoritats supervisores competents en un termini de 72 hores per correu electr\u00f2nic amb informaci\u00f3 sobre l&#8217;abast de la violaci\u00f3, les dades afectades, qualsevol impacte en el servei i el pla d&#8217;acci\u00f3 del El Serrat Turisme Rural SL amb les mesures per protegir les dades i limitar qualsevol possible efecte negatiu en els interessats.<\/p>\n<p>La &#8220;infracci\u00f3 de dades personals&#8221; fa refer\u00e8ncia a una violaci\u00f3 de la seguretat que condueix a la destrucci\u00f3, p\u00e8rdua, alteraci\u00f3, divulgaci\u00f3 no autoritzada o acc\u00e9s, accidental o il\u00b7legal, a les dades personals transmeses, emmagatzemats o processaments relacionats amb la prestaci\u00f3 del Servei.<\/p>\n<h3>Dubtes i Modificacions<\/h3>\n<p>Si t\u00e9 alguna consulta sobre la present Pol\u00edtica de Privacitat, li preguem que es posi en contacte amb nosaltres enviant un correu electr\u00f2nic a l&#8217;adre\u00e7a: <a href=\"mailto:info@elserratplanoles.com\">info@elserratplanoles.com<\/a><\/p>\n\t\t\t\t\t<\/div>\n\t\t\t\t\t\t<\/div>\n\t\t\t\t<\/div>\n\t\t\t\t\t\t<\/div>\n\t\t\t\t\t<\/div>\n\t\t<\/div>\n\t\t\t\t\t\t\t\t<\/div>\n\t\t\t\t\t<\/div>\n\t\t<\/section>\n\t\t\t\t\t\t\t\t\t<\/div>\n\t\t\t<\/div>\n\t\t\t\t\t<\/div>\n\t\t","protected":false},"excerpt":{"rendered":"<p>El Serrat Turisme Rural SL en compliment amb el Reglament Europeu de Protecci\u00f3 de Dades 679\/2016, garanteix la protecci\u00f3 i la confidencialitat de les dades personals de qualsevol tipus, que ens proporcionin els nostres clients, \u201cusuaris\u201d, a la Web. Informaci\u00f3 &hellip; <a href=\"https:\/\/elserratplanoles.com\/ca\/politica-de-privacitat\/\">Read More<\/a><\/p>\n","protected":false},"author":1,"featured_media":0,"parent":0,"menu_order":0,"comment_status":"closed","ping_status":"open","template":"","meta":{"footnotes":""},"class_list":["post-3054","page","type-page","status-publish","hentry"],"yoast_head":"<!-- This site is optimized with the Yoast SEO plugin v19.3 - https:\/\/yoast.com\/wordpress\/plugins\/seo\/ -->\n<title>Pol\u00edtica de privacitat - Turismo Rural El Serrat de Planoles<\/title>\n<meta name=\"robots\" content=\"index, follow, max-snippet:-1, max-image-preview:large, max-video-preview:-1\" \/>\n<link rel=\"canonical\" href=\"https:\/\/elserratplanoles.com\/ca\/politica-de-privacitat\/\" \/>\n<meta property=\"og:locale\" content=\"ca_ES\" \/>\n<meta property=\"og:type\" content=\"article\" \/>\n<meta property=\"og:title\" content=\"Pol\u00edtica de privacitat - Turismo Rural El Serrat de Planoles\" \/>\n<meta property=\"og:description\" content=\"El Serrat Turisme Rural SL en compliment amb el Reglament Europeu de Protecci\u00f3 de Dades 679\/2016, garanteix la protecci\u00f3 i la confidencialitat de les dades personals de qualsevol tipus, que ens proporcionin els nostres clients, \u201cusuaris\u201d, a la Web. Informaci\u00f3 &hellip; Read More\" \/>\n<meta property=\"og:url\" content=\"https:\/\/elserratplanoles.com\/ca\/politica-de-privacitat\/\" \/>\n<meta property=\"og:site_name\" content=\"Turismo Rural El Serrat de Planoles\" \/>\n<meta name=\"twitter:card\" content=\"summary_large_image\" \/>\n<meta name=\"twitter:label1\" content=\"Temps estimat de lectura\" \/>\n\t<meta name=\"twitter:data1\" content=\"6 minuts\" \/>\n<script type=\"application\/ld+json\" class=\"yoast-schema-graph\">{\"@context\":\"https:\/\/schema.org\",\"@graph\":[{\"@type\":\"Organization\",\"@id\":\"https:\/\/elserratplanoles.com\/#organization\",\"name\":\"Turismo Rural El Serrat de Planoles\",\"url\":\"https:\/\/elserratplanoles.com\/\",\"sameAs\":[],\"logo\":{\"@type\":\"ImageObject\",\"inLanguage\":\"ca\",\"@id\":\"https:\/\/elserratplanoles.com\/#\/schema\/logo\/image\/\",\"url\":\"https:\/\/elserratplanoles.com\/wp-content\/uploads\/2021\/09\/Logo.jpg\",\"contentUrl\":\"https:\/\/elserratplanoles.com\/wp-content\/uploads\/2021\/09\/Logo.jpg\",\"width\":438,\"height\":441,\"caption\":\"Turismo Rural El Serrat de Planoles\"},\"image\":{\"@id\":\"https:\/\/elserratplanoles.com\/#\/schema\/logo\/image\/\"}},{\"@type\":\"WebSite\",\"@id\":\"https:\/\/elserratplanoles.com\/#website\",\"url\":\"https:\/\/elserratplanoles.com\/\",\"name\":\"Turismo Rural El Serrat de Planoles\",\"description\":\"Turismo Rural El Serrat de Planoles\",\"publisher\":{\"@id\":\"https:\/\/elserratplanoles.com\/#organization\"},\"potentialAction\":[{\"@type\":\"SearchAction\",\"target\":{\"@type\":\"EntryPoint\",\"urlTemplate\":\"https:\/\/elserratplanoles.com\/?s={search_term_string}\"},\"query-input\":\"required name=search_term_string\"}],\"inLanguage\":\"ca\"},{\"@type\":\"WebPage\",\"@id\":\"https:\/\/elserratplanoles.com\/ca\/politica-de-privacitat\/\",\"url\":\"https:\/\/elserratplanoles.com\/ca\/politica-de-privacitat\/\",\"name\":\"Pol\u00edtica de privacitat - Turismo Rural El Serrat de Planoles\",\"isPartOf\":{\"@id\":\"https:\/\/elserratplanoles.com\/#website\"},\"datePublished\":\"2022-01-28T16:21:23+00:00\",\"dateModified\":\"2022-01-28T16:21:23+00:00\",\"breadcrumb\":{\"@id\":\"https:\/\/elserratplanoles.com\/ca\/politica-de-privacitat\/#breadcrumb\"},\"inLanguage\":\"ca\",\"potentialAction\":[{\"@type\":\"ReadAction\",\"target\":[\"https:\/\/elserratplanoles.com\/ca\/politica-de-privacitat\/\"]}]},{\"@type\":\"BreadcrumbList\",\"@id\":\"https:\/\/elserratplanoles.com\/ca\/politica-de-privacitat\/#breadcrumb\",\"itemListElement\":[{\"@type\":\"ListItem\",\"position\":1,\"name\":\"Portada\",\"item\":\"https:\/\/elserratplanoles.com\/\"},{\"@type\":\"ListItem\",\"position\":2,\"name\":\"Pol\u00edtica de privacitat\"}]}]}<\/script>\n<!-- \/ Yoast SEO plugin. -->","yoast_head_json":{"title":"Pol\u00edtica de privacitat - Turismo Rural El Serrat de Planoles","robots":{"index":"index","follow":"follow","max-snippet":"max-snippet:-1","max-image-preview":"max-image-preview:large","max-video-preview":"max-video-preview:-1"},"canonical":"https:\/\/elserratplanoles.com\/ca\/politica-de-privacitat\/","og_locale":"ca_ES","og_type":"article","og_title":"Pol\u00edtica de privacitat - Turismo Rural El Serrat de Planoles","og_description":"El Serrat Turisme Rural SL en compliment amb el Reglament Europeu de Protecci\u00f3 de Dades 679\/2016, garanteix la protecci\u00f3 i la confidencialitat de les dades personals de qualsevol tipus, que ens proporcionin els nostres clients, \u201cusuaris\u201d, a la Web. Informaci\u00f3 &hellip; Read More","og_url":"https:\/\/elserratplanoles.com\/ca\/politica-de-privacitat\/","og_site_name":"Turismo Rural El Serrat de Planoles","twitter_card":"summary_large_image","twitter_misc":{"Temps estimat de lectura":"6 minuts"},"schema":{"@context":"https:\/\/schema.org","@graph":[{"@type":"Organization","@id":"https:\/\/elserratplanoles.com\/#organization","name":"Turismo Rural El Serrat de Planoles","url":"https:\/\/elserratplanoles.com\/","sameAs":[],"logo":{"@type":"ImageObject","inLanguage":"ca","@id":"https:\/\/elserratplanoles.com\/#\/schema\/logo\/image\/","url":"https:\/\/elserratplanoles.com\/wp-content\/uploads\/2021\/09\/Logo.jpg","contentUrl":"https:\/\/elserratplanoles.com\/wp-content\/uploads\/2021\/09\/Logo.jpg","width":438,"height":441,"caption":"Turismo Rural El Serrat de Planoles"},"image":{"@id":"https:\/\/elserratplanoles.com\/#\/schema\/logo\/image\/"}},{"@type":"WebSite","@id":"https:\/\/elserratplanoles.com\/#website","url":"https:\/\/elserratplanoles.com\/","name":"Turismo Rural El Serrat de Planoles","description":"Turismo Rural El Serrat de Planoles","publisher":{"@id":"https:\/\/elserratplanoles.com\/#organization"},"potentialAction":[{"@type":"SearchAction","target":{"@type":"EntryPoint","urlTemplate":"https:\/\/elserratplanoles.com\/?s={search_term_string}"},"query-input":"required name=search_term_string"}],"inLanguage":"ca"},{"@type":"WebPage","@id":"https:\/\/elserratplanoles.com\/ca\/politica-de-privacitat\/","url":"https:\/\/elserratplanoles.com\/ca\/politica-de-privacitat\/","name":"Pol\u00edtica de privacitat - Turismo Rural El Serrat de Planoles","isPartOf":{"@id":"https:\/\/elserratplanoles.com\/#website"},"datePublished":"2022-01-28T16:21:23+00:00","dateModified":"2022-01-28T16:21:23+00:00","breadcrumb":{"@id":"https:\/\/elserratplanoles.com\/ca\/politica-de-privacitat\/#breadcrumb"},"inLanguage":"ca","potentialAction":[{"@type":"ReadAction","target":["https:\/\/elserratplanoles.com\/ca\/politica-de-privacitat\/"]}]},{"@type":"BreadcrumbList","@id":"https:\/\/elserratplanoles.com\/ca\/politica-de-privacitat\/#breadcrumb","itemListElement":[{"@type":"ListItem","position":1,"name":"Portada","item":"https:\/\/elserratplanoles.com\/"},{"@type":"ListItem","position":2,"name":"Pol\u00edtica de privacitat"}]}]}},"_links":{"self":[{"href":"https:\/\/elserratplanoles.com\/ca\/wp-json\/wp\/v2\/pages\/3054","targetHints":{"allow":["GET"]}}],"collection":[{"href":"https:\/\/elserratplanoles.com\/ca\/wp-json\/wp\/v2\/pages"}],"about":[{"href":"https:\/\/elserratplanoles.com\/ca\/wp-json\/wp\/v2\/types\/page"}],"author":[{"embeddable":true,"href":"https:\/\/elserratplanoles.com\/ca\/wp-json\/wp\/v2\/users\/1"}],"replies":[{"embeddable":true,"href":"https:\/\/elserratplanoles.com\/ca\/wp-json\/wp\/v2\/comments?post=3054"}],"version-history":[{"count":1,"href":"https:\/\/elserratplanoles.com\/ca\/wp-json\/wp\/v2\/pages\/3054\/revisions"}],"predecessor-version":[{"id":3055,"href":"https:\/\/elserratplanoles.com\/ca\/wp-json\/wp\/v2\/pages\/3054\/revisions\/3055"}],"wp:attachment":[{"href":"https:\/\/elserratplanoles.com\/ca\/wp-json\/wp\/v2\/media?parent=3054"}],"curies":[{"name":"wp","href":"https:\/\/api.w.org\/{rel}","templated":true}]}}