{"id":3052,"date":"2022-01-28T16:08:57","date_gmt":"2022-01-28T16:08:57","guid":{"rendered":"https:\/\/elserratplanoles.com\/clausula-newsletter\/"},"modified":"2022-01-31T09:00:09","modified_gmt":"2022-01-31T09:00:09","slug":"clausula-newsletter","status":"publish","type":"page","link":"https:\/\/elserratplanoles.com\/ca\/clausula-newsletter\/","title":{"rendered":"Cl\u00e0usula Newsletter"},"content":{"rendered":"\t\t<div data-elementor-type=\"wp-page\" data-elementor-id=\"3052\" class=\"elementor elementor-3052 elementor-2206\">\n\t\t\t\t\t\t<div class=\"elementor-inner\">\n\t\t\t\t<div class=\"elementor-section-wrap\">\n\t\t\t\t\t\t\t\t\t<section class=\"elementor-section elementor-top-section elementor-element elementor-element-5507a193 elementor-section-boxed elementor-section-height-default elementor-section-height-default\" data-id=\"5507a193\" data-element_type=\"section\">\n\t\t\t\t\t\t<div class=\"elementor-container elementor-column-gap-default\">\n\t\t\t\t\t\t\t<div class=\"elementor-row\">\n\t\t\t\t\t<div class=\"elementor-column elementor-col-100 elementor-top-column elementor-element elementor-element-7632c76a\" data-id=\"7632c76a\" data-element_type=\"column\">\n\t\t\t<div class=\"elementor-column-wrap elementor-element-populated\">\n\t\t\t\t\t\t\t<div class=\"elementor-widget-wrap\">\n\t\t\t\t\t\t<div class=\"elementor-element elementor-element-c27f4c6 elementor-widget elementor-widget-text-editor\" data-id=\"c27f4c6\" data-element_type=\"widget\" data-widget_type=\"text-editor.default\">\n\t\t\t\t<div class=\"elementor-widget-container\">\n\t\t\t\t\t\t\t\t<div class=\"elementor-text-editor elementor-clearfix\">\n\t\t\t\tResponsable El Serrat Turisme Rural SL amb CIF B17629262, amb domicili a Masia el Serrat, s\/n de Planoles (Girona), amb tel\u00e8fon 625 05 23 78 i correu electr\u00f2nic <a href=\"mailto:info@elserratplanoles.com\">info@elserratplanoles.com<\/a>\n\nEn nom de l&#8217;empresa tractem la informaci\u00f3 que ens facilita amb la finalitat de prestar-los el servei sol\u00b7licitat, realitzar la facturaci\u00f3 del mateix i les comunicacions necess\u00e0ries. Les dades proporcionades es conservaran mentre es mantingui la relaci\u00f3 comercial i durant els anys necessaris per complir amb les obligacions legals. Les dades no se cediran a tercers, excepte en els casos en qu\u00e8 existeixi una obligaci\u00f3 legal. Vost\u00e8 t\u00e9 dret a obtenir informaci\u00f3 sobre si a el Serrat turisme rural estem tractant les seves dades personals, per tant, t\u00e9 dret a accedir a les seves dades personals, rectificar les dades inexactes o sol\u00b7licitar la seva supressi\u00f3 quan les dades ja no siguin necess\u00e0ries.\n\nAix\u00ed mateix sol\u00b7licito autoritzaci\u00f3 per oferir-li productes i serveis relacionats amb els sol\u00b7licitats i fidelitzar-lo com a client.\n\nHe llegit i accepto la <a href=\"https:\/\/elserratplanoles.com\/ca\/politica-privacitat\/\">Pol\u00edtica de Privacitat<\/a>\t\t\t\t\t<\/div>\n\t\t\t\t\t\t<\/div>\n\t\t\t\t<\/div>\n\t\t\t\t\t\t<\/div>\n\t\t\t\t\t<\/div>\n\t\t<\/div>\n\t\t\t\t\t\t\t\t<\/div>\n\t\t\t\t\t<\/div>\n\t\t<\/section>\n\t\t\t\t\t\t\t\t\t<\/div>\n\t\t\t<\/div>\n\t\t\t\t\t<\/div>\n\t\t","protected":false},"excerpt":{"rendered":"<p>Responsable El Serrat Turisme Rural SL amb CIF B17629262, amb domicili a Masia el Serrat, s\/n de Planoles (Girona), amb tel\u00e8fon 625 05 23 78 i correu electr\u00f2nic info@elserratplanoles.com En nom de l&#8217;empresa tractem la informaci\u00f3 que ens facilita amb &hellip; <a href=\"https:\/\/elserratplanoles.com\/ca\/clausula-newsletter\/\">Read More<\/a><\/p>\n","protected":false},"author":1,"featured_media":0,"parent":0,"menu_order":0,"comment_status":"closed","ping_status":"closed","template":"","meta":{"footnotes":""},"class_list":["post-3052","page","type-page","status-publish","hentry"],"yoast_head":"<!-- This site is optimized with the Yoast SEO plugin v19.3 - https:\/\/yoast.com\/wordpress\/plugins\/seo\/ -->\n<title>Cl\u00e0usula Newsletter - Turismo Rural El Serrat de Planoles<\/title>\n<meta name=\"robots\" content=\"index, follow, max-snippet:-1, max-image-preview:large, max-video-preview:-1\" \/>\n<link rel=\"canonical\" href=\"https:\/\/elserratplanoles.com\/clausula-newsletter\/\" \/>\n<meta property=\"og:locale\" content=\"ca_ES\" \/>\n<meta property=\"og:type\" content=\"article\" \/>\n<meta property=\"og:title\" content=\"Cl\u00e0usula Newsletter - Turismo Rural El Serrat de Planoles\" \/>\n<meta property=\"og:description\" content=\"Responsable El Serrat Turisme Rural SL amb CIF B17629262, amb domicili a Masia el Serrat, s\/n de Planoles (Girona), amb tel\u00e8fon 625 05 23 78 i correu electr\u00f2nic info@elserratplanoles.com En nom de l&#8217;empresa tractem la informaci\u00f3 que ens facilita amb &hellip; Read More\" \/>\n<meta property=\"og:url\" content=\"https:\/\/elserratplanoles.com\/clausula-newsletter\/\" \/>\n<meta property=\"og:site_name\" content=\"Turismo Rural El Serrat de Planoles\" \/>\n<meta property=\"article:modified_time\" content=\"2022-01-31T09:00:09+00:00\" \/>\n<meta name=\"twitter:card\" content=\"summary_large_image\" \/>\n<meta name=\"twitter:label1\" content=\"Temps estimat de lectura\" \/>\n\t<meta name=\"twitter:data1\" content=\"1 minut\" \/>\n<script type=\"application\/ld+json\" class=\"yoast-schema-graph\">{\"@context\":\"https:\/\/schema.org\",\"@graph\":[{\"@type\":\"Organization\",\"@id\":\"https:\/\/elserratplanoles.com\/#organization\",\"name\":\"Turismo Rural El Serrat de Planoles\",\"url\":\"https:\/\/elserratplanoles.com\/\",\"sameAs\":[],\"logo\":{\"@type\":\"ImageObject\",\"inLanguage\":\"ca\",\"@id\":\"https:\/\/elserratplanoles.com\/#\/schema\/logo\/image\/\",\"url\":\"https:\/\/elserratplanoles.com\/wp-content\/uploads\/2021\/09\/Logo.jpg\",\"contentUrl\":\"https:\/\/elserratplanoles.com\/wp-content\/uploads\/2021\/09\/Logo.jpg\",\"width\":438,\"height\":441,\"caption\":\"Turismo Rural El Serrat de Planoles\"},\"image\":{\"@id\":\"https:\/\/elserratplanoles.com\/#\/schema\/logo\/image\/\"}},{\"@type\":\"WebSite\",\"@id\":\"https:\/\/elserratplanoles.com\/#website\",\"url\":\"https:\/\/elserratplanoles.com\/\",\"name\":\"Turismo Rural El Serrat de Planoles\",\"description\":\"Turismo Rural El Serrat de Planoles\",\"publisher\":{\"@id\":\"https:\/\/elserratplanoles.com\/#organization\"},\"potentialAction\":[{\"@type\":\"SearchAction\",\"target\":{\"@type\":\"EntryPoint\",\"urlTemplate\":\"https:\/\/elserratplanoles.com\/?s={search_term_string}\"},\"query-input\":\"required name=search_term_string\"}],\"inLanguage\":\"ca\"},{\"@type\":\"WebPage\",\"@id\":\"https:\/\/elserratplanoles.com\/clausula-newsletter\/\",\"url\":\"https:\/\/elserratplanoles.com\/clausula-newsletter\/\",\"name\":\"Cl\u00e0usula Newsletter - Turismo Rural El Serrat de Planoles\",\"isPartOf\":{\"@id\":\"https:\/\/elserratplanoles.com\/#website\"},\"datePublished\":\"2022-01-28T16:08:57+00:00\",\"dateModified\":\"2022-01-31T09:00:09+00:00\",\"breadcrumb\":{\"@id\":\"https:\/\/elserratplanoles.com\/clausula-newsletter\/#breadcrumb\"},\"inLanguage\":\"ca\",\"potentialAction\":[{\"@type\":\"ReadAction\",\"target\":[\"https:\/\/elserratplanoles.com\/clausula-newsletter\/\"]}]},{\"@type\":\"BreadcrumbList\",\"@id\":\"https:\/\/elserratplanoles.com\/clausula-newsletter\/#breadcrumb\",\"itemListElement\":[{\"@type\":\"ListItem\",\"position\":1,\"name\":\"Portada\",\"item\":\"https:\/\/elserratplanoles.com\/\"},{\"@type\":\"ListItem\",\"position\":2,\"name\":\"Cl\u00e0usula Newsletter\"}]}]}<\/script>\n<!-- \/ Yoast SEO plugin. -->","yoast_head_json":{"title":"Cl\u00e0usula Newsletter - Turismo Rural El Serrat de Planoles","robots":{"index":"index","follow":"follow","max-snippet":"max-snippet:-1","max-image-preview":"max-image-preview:large","max-video-preview":"max-video-preview:-1"},"canonical":"https:\/\/elserratplanoles.com\/clausula-newsletter\/","og_locale":"ca_ES","og_type":"article","og_title":"Cl\u00e0usula Newsletter - Turismo Rural El Serrat de Planoles","og_description":"Responsable El Serrat Turisme Rural SL amb CIF B17629262, amb domicili a Masia el Serrat, s\/n de Planoles (Girona), amb tel\u00e8fon 625 05 23 78 i correu electr\u00f2nic info@elserratplanoles.com En nom de l&#8217;empresa tractem la informaci\u00f3 que ens facilita amb &hellip; Read More","og_url":"https:\/\/elserratplanoles.com\/clausula-newsletter\/","og_site_name":"Turismo Rural El Serrat de Planoles","article_modified_time":"2022-01-31T09:00:09+00:00","twitter_card":"summary_large_image","twitter_misc":{"Temps estimat de lectura":"1 minut"},"schema":{"@context":"https:\/\/schema.org","@graph":[{"@type":"Organization","@id":"https:\/\/elserratplanoles.com\/#organization","name":"Turismo Rural El Serrat de Planoles","url":"https:\/\/elserratplanoles.com\/","sameAs":[],"logo":{"@type":"ImageObject","inLanguage":"ca","@id":"https:\/\/elserratplanoles.com\/#\/schema\/logo\/image\/","url":"https:\/\/elserratplanoles.com\/wp-content\/uploads\/2021\/09\/Logo.jpg","contentUrl":"https:\/\/elserratplanoles.com\/wp-content\/uploads\/2021\/09\/Logo.jpg","width":438,"height":441,"caption":"Turismo Rural El Serrat de Planoles"},"image":{"@id":"https:\/\/elserratplanoles.com\/#\/schema\/logo\/image\/"}},{"@type":"WebSite","@id":"https:\/\/elserratplanoles.com\/#website","url":"https:\/\/elserratplanoles.com\/","name":"Turismo Rural El Serrat de Planoles","description":"Turismo Rural El Serrat de Planoles","publisher":{"@id":"https:\/\/elserratplanoles.com\/#organization"},"potentialAction":[{"@type":"SearchAction","target":{"@type":"EntryPoint","urlTemplate":"https:\/\/elserratplanoles.com\/?s={search_term_string}"},"query-input":"required name=search_term_string"}],"inLanguage":"ca"},{"@type":"WebPage","@id":"https:\/\/elserratplanoles.com\/clausula-newsletter\/","url":"https:\/\/elserratplanoles.com\/clausula-newsletter\/","name":"Cl\u00e0usula Newsletter - Turismo Rural El Serrat de Planoles","isPartOf":{"@id":"https:\/\/elserratplanoles.com\/#website"},"datePublished":"2022-01-28T16:08:57+00:00","dateModified":"2022-01-31T09:00:09+00:00","breadcrumb":{"@id":"https:\/\/elserratplanoles.com\/clausula-newsletter\/#breadcrumb"},"inLanguage":"ca","potentialAction":[{"@type":"ReadAction","target":["https:\/\/elserratplanoles.com\/clausula-newsletter\/"]}]},{"@type":"BreadcrumbList","@id":"https:\/\/elserratplanoles.com\/clausula-newsletter\/#breadcrumb","itemListElement":[{"@type":"ListItem","position":1,"name":"Portada","item":"https:\/\/elserratplanoles.com\/"},{"@type":"ListItem","position":2,"name":"Cl\u00e0usula Newsletter"}]}]}},"_links":{"self":[{"href":"https:\/\/elserratplanoles.com\/ca\/wp-json\/wp\/v2\/pages\/3052","targetHints":{"allow":["GET"]}}],"collection":[{"href":"https:\/\/elserratplanoles.com\/ca\/wp-json\/wp\/v2\/pages"}],"about":[{"href":"https:\/\/elserratplanoles.com\/ca\/wp-json\/wp\/v2\/types\/page"}],"author":[{"embeddable":true,"href":"https:\/\/elserratplanoles.com\/ca\/wp-json\/wp\/v2\/users\/1"}],"replies":[{"embeddable":true,"href":"https:\/\/elserratplanoles.com\/ca\/wp-json\/wp\/v2\/comments?post=3052"}],"version-history":[{"count":4,"href":"https:\/\/elserratplanoles.com\/ca\/wp-json\/wp\/v2\/pages\/3052\/revisions"}],"predecessor-version":[{"id":3183,"href":"https:\/\/elserratplanoles.com\/ca\/wp-json\/wp\/v2\/pages\/3052\/revisions\/3183"}],"wp:attachment":[{"href":"https:\/\/elserratplanoles.com\/ca\/wp-json\/wp\/v2\/media?parent=3052"}],"curies":[{"name":"wp","href":"https:\/\/api.w.org\/{rel}","templated":true}]}}