{"id":3050,"date":"2022-01-28T15:57:42","date_gmt":"2022-01-28T15:57:42","guid":{"rendered":"https:\/\/elserratplanoles.com\/avis-legal\/"},"modified":"2022-01-28T15:57:43","modified_gmt":"2022-01-28T15:57:43","slug":"avis-legal","status":"publish","type":"page","link":"https:\/\/elserratplanoles.com\/ca\/avis-legal\/","title":{"rendered":"Av\u00eds Legal"},"content":{"rendered":"\t\t<div data-elementor-type=\"wp-page\" data-elementor-id=\"3050\" class=\"elementor elementor-3050 elementor-2200\">\n\t\t\t\t\t\t<div class=\"elementor-inner\">\n\t\t\t\t<div class=\"elementor-section-wrap\">\n\t\t\t\t\t\t\t\t\t<section class=\"elementor-section elementor-top-section elementor-element elementor-element-5507a193 elementor-section-boxed elementor-section-height-default elementor-section-height-default\" data-id=\"5507a193\" data-element_type=\"section\">\n\t\t\t\t\t\t<div class=\"elementor-container elementor-column-gap-default\">\n\t\t\t\t\t\t\t<div class=\"elementor-row\">\n\t\t\t\t\t<div class=\"elementor-column elementor-col-100 elementor-top-column elementor-element elementor-element-7632c76a\" data-id=\"7632c76a\" data-element_type=\"column\">\n\t\t\t<div class=\"elementor-column-wrap elementor-element-populated\">\n\t\t\t\t\t\t\t<div class=\"elementor-widget-wrap\">\n\t\t\t\t\t\t<div class=\"elementor-element elementor-element-c27f4c6 elementor-widget elementor-widget-text-editor\" data-id=\"c27f4c6\" data-element_type=\"widget\" data-widget_type=\"text-editor.default\">\n\t\t\t\t<div class=\"elementor-widget-container\">\n\t\t\t\t\t\t\t\t<div class=\"elementor-text-editor elementor-clearfix\">\n\t\t\t\t<p><strong>El Serrat Turisme Rural SL<\/strong> amb domicili a <strong>Planoles<\/strong>, a la <strong>Mas\u00eda El Serrat s\/n<\/strong>, amb C.I.F. n\u00famero <strong>B17629262<\/strong> inscrita en el Registre Mercantil de Girona, Tom 1537, Foli 185, Fulla n\u00famero GI-25640 ,INCRIPCI\u00d3 1\u00aa, i amb codi d\u2019inscripci\u00f3 al registre de Turisme de Catalunya: <strong>ATG-000002-83<\/strong>, titular de l&#8217;adre\u00e7a URL <strong>www.elserratplanoles.com<\/strong> i tel\u00e8fon de contacte <strong>625052378<\/strong>.<\/p>\n<p>Com usuari, \u00e9s important que conegui aquests termes abans de continuar la seva navegaci\u00f3.<\/p>\n<p>Com a responsable d\u2019aquesta web, assumeixo el comprom\u00eds de processar la informaci\u00f3 dels meus usuaris i clients amb plenes garanties i complir amb els requisits nacionals i europeus que regulen la recopilaci\u00f3 i \u00fas de les dades personals dels meus usuaris.<\/p>\n<p>Aquesta web compleix rigorosament amb la Llei Org\u00e0nica 15\/1999, de 13 de desembre, de Protecci\u00f3 de Dades de Car\u00e0cter Personal (LOPD), i amb el Reial decret 1720\/2007, de 21 de desembre, conegut com el Reglament de desenvolupament de la LOPD. Compleix tamb\u00e9 amb el Reglament (UE) 2016\/679 del Parlament Europeu i del Consell de 27 d\u2019abril de 2016 relatiu a la protecci\u00f3 de les persones f\u00edsiques (RGPD), aix\u00ed com amb la Llei 34\/2002, d\u201911 de juliol, de Serveis de la Societat de la Informaci\u00f3 i Comer\u00e7 Electr\u00f2nic (LSSICE o LSSI).<\/p>\n<h3><strong>Obligacions dels usuaris<\/strong><\/h3>\n<p>L\u2019usuari queda informat, i accepta, que l\u2019acc\u00e9s a la present web no suposa, de cap manera, l\u2019inici d\u2019una relaci\u00f3 comercial amb <strong>El Serrat Turisme Rural.<\/strong> D\u2019aquesta forma, l\u2019usuari es compromet a utilitzar el lloc web, els seus serveis i continguts sense contravenir la legislaci\u00f3 vigent, la bona fe i l\u2019ordre p\u00fablic.<\/p>\n<p>Queda prohibit l\u2019\u00fas de la web, amb finalitats il\u00b7l\u00edcites o lesius, o que, de qualsevol forma, puguin causar perjudici o impedir el normal funcionament del lloc web. Respecte dels continguts d\u2019aquesta web, es prohibeix:<\/p>\n<ul>\n<li>La seva reproducci\u00f3, distribuci\u00f3 o modificaci\u00f3, total o parcial, tret que es compti amb la meva autoritzaci\u00f3 com a leg\u00edtim titular<\/li>\n<li>Qualsevol vulneraci\u00f3 dels drets del prestador o del meu com a leg\u00edtim titular.<\/li>\n<li>La seva utilitzaci\u00f3 per a fins comercials o publicitaris.<\/li>\n<\/ul>\n<p>En la utilitzaci\u00f3 de la web El Serrat Turisme Rural SL , l\u2019usuari es compromet a no dur a terme cap conducta que pogu\u00e9s danyar la imatge, els interessos i els drets de El Serrat Turisme Rural SL , de tercers o que pogu\u00e9s danyar, inutilitzar o sobrecarregar el portal de El Serrat Turisme Rural o que imped\u00eds, de qualsevol forma, la normal utilitzaci\u00f3 de la web.<\/p>\n<p>No obstant aix\u00f2, l\u2019usuari ha de ser conscient que les mesures de seguretat dels sistemes inform\u00e0tics a Internet no s\u00f3n completament fiables i que, per tant, El Serrat Turisme Rural SL no pot garantir la inexist\u00e8ncia de malware o altres elements que puguin produir alteracions en els sistemes inform\u00e0tics (software i hardware) de l\u2019usuari o en els seus documents electr\u00f2nics i fitxers continguts en els mateixos, encara que poso tots els mitjans necessaris i les mesures de seguretat oportunes per evitar la pres\u00e8ncia d\u2019aquests elements nocius.<\/p>\n<h3><strong>Dades de car\u00e0cter personal<\/strong><\/h3>\n<p>El Serrat Turisme Rural SL compleix \u00edntegrament amb la legislaci\u00f3 vigent en mat\u00e8ria de protecci\u00f3 de dades de car\u00e0cter personal i amb els compromisos de confidencialitat propis de la seva activitat. El Serrat Turisme Rural ha adoptat les mesures t\u00e8cniques necess\u00e0ries per mantenir el nivell de seguretat requerit, segons la naturalesa de les dades personals tractades i les circumst\u00e0ncies de tractament, amb l\u2019objecte d\u2019evitar, en la mesura del possible i sempre segons l\u2019estat de la t\u00e8cnica, la seva alteraci\u00f3, p\u00e8rdua, tractament o acc\u00e9s no autoritzat. El Serrat Turisme Rural ha adoptado las medidas t\u00e9cnicas necesarias para mantener el nivel de seguridad requerido, seg\u00fan la naturaleza de los datos personales tratados y las circunstancias de tratamiento, con el objeto de evitar, en la medida de lo posible y siempre seg\u00fan el estado de la t\u00e9cnica, su alteraci\u00f3n, p\u00e9rdida, tratamiento o acceso no autorizado.<\/p>\n<p>El Serrat Turisme Rural disposa d\u2019una Pol\u00edtica de Privacitat on es descriu, amb detall, els nostres esfor\u00e7os per la transpar\u00e8ncia i la seguretat de la informaci\u00f3 que tractem.<\/p>\n<h3><strong>Propietat intel\u00b7lectual i industrial<\/strong><\/h3>\n<p>Totes les marques, noms comercials o signes distintius de qualsevol classe que apareixen a la p\u00e0gina web s\u00f3n propietat de El Serrat Turisme Rural SL o de tercers autoritzats, sense que pugui entendre\u2019s que l\u2019\u00fas o acc\u00e9s a la p\u00e0gina web atribueixi a l\u2019Usuari dret sobre les citades marques, noms comercials i\/o signes distintius.<\/p>\n<p>Aix\u00ed mateix, els Continguts s\u00f3n propietat intel\u00b7lectual de El Serrat Turisme Rural SL o de tercers, sense que puguin entendre\u2019s cedits a l\u2019Usuari, en virtut de l\u2019establert en la Pol\u00edtica de Privacitat.<\/p>\n<h3><strong>Responsabilitats<\/strong><\/h3>\n<p>El Serrat Turisme Rural no es responsabilitza dels danys o perjudicis de qualsevol tipus produ\u00efts en l\u2019Usuari que portin causa d\u2019errors o desconnexions a les xarxes de telecomunicacions que produeixin la suspensi\u00f3, cancel\u00b7laci\u00f3 o interrupci\u00f3 del servei de la p\u00e0gina web durant la prestaci\u00f3 del mateix o amb car\u00e0cter previ.<\/p>\n<p>El Serrat Turisme Rural no \u00e9s responsable de la informaci\u00f3 i altres continguts integrats en espais o p\u00e0gines web de tercers accessibles des del portal de El Serrat Turisme Rural SL mitjan\u00e7ant enlla\u00e7os, hipervincles o links.<\/p>\n<p>El Serrat Turisme Rural tampoc assumeix cap responsabilitat per danys, perjudicis, p\u00e8rdues, reclamacions o despeses, produ\u00efts per:<\/p>\n<p>(I) Interfer\u00e8ncies, interrupcions, errors, omissions, averies telef\u00f2niques, retards, bloquejos o desconnexions en el funcionament del sistema electr\u00f2nic, motivades per defici\u00e8ncies, sobrec\u00e0rregues i errors en les l\u00ednies i xarxes de telecomunicacions, o per qualsevol altra causa aliena al control de El Serrat Turisme Rural SL.<\/p>\n<p>(II) Intromissions il\u00b7leg\u00edtimes mitjan\u00e7ant l\u2019\u00fas de programes malignes de qualsevol tipus i a trav\u00e9s de qualsevol mitj\u00e0 de comunicaci\u00f3, tals com a virus inform\u00e0tics&#8230;<\/p>\n<p>(III) \u00das indegut o inadequat de les p\u00e0gines El Serrat Turisme Rural SL.<\/p>\n<p>(IV) Errors de seguretat o navegaci\u00f3 produ\u00efts per un mal funcionament del navegador o per l\u2019\u00fas de versions no actualitzades del mateix.<\/p>\n<h3><strong>Llei aplicable<\/strong><\/h3>\n<p>Aquest av\u00eds legal es regeix en tots i cadascun dels seus extrems per la llei espanyola i el Nou Reglament Europeu de Protecci\u00f3 de Dades 679\/2016.<\/p>\n<p>Per a la resoluci\u00f3 de qualsevol conflicte que pogu\u00e9s derivar de l\u2019acc\u00e9s a la p\u00e0gina web, l\u2019Usuari i El Serrat Turisme Rural SL acorden sotmetre\u2019s expressament als jutjats i tribunals de la ciutat de Girona, amb ren\u00fancia a qualsevol altre fur general o especial que els pogu\u00e9s correspondre.<\/p>\n<p>En les presents condicions se\u2019ls aplicar\u00e0 tamb\u00e9 la Llei 34\/2002, d\u201911 de juliol, de Serveis de la Informaci\u00f3 i Correu Electr\u00f2nic.<\/p>\n\t\t\t\t\t<\/div>\n\t\t\t\t\t\t<\/div>\n\t\t\t\t<\/div>\n\t\t\t\t\t\t<\/div>\n\t\t\t\t\t<\/div>\n\t\t<\/div>\n\t\t\t\t\t\t\t\t<\/div>\n\t\t\t\t\t<\/div>\n\t\t<\/section>\n\t\t\t\t\t\t\t\t\t<\/div>\n\t\t\t<\/div>\n\t\t\t\t\t<\/div>\n\t\t","protected":false},"excerpt":{"rendered":"<p>El Serrat Turisme Rural SL amb domicili a Planoles, a la Mas\u00eda El Serrat s\/n, amb C.I.F. n\u00famero B17629262 inscrita en el Registre Mercantil de Girona, Tom 1537, Foli 185, Fulla n\u00famero GI-25640 ,INCRIPCI\u00d3 1\u00aa, i amb codi d\u2019inscripci\u00f3 al &hellip; <a href=\"https:\/\/elserratplanoles.com\/ca\/avis-legal\/\">Read More<\/a><\/p>\n","protected":false},"author":1,"featured_media":0,"parent":0,"menu_order":0,"comment_status":"closed","ping_status":"closed","template":"","meta":{"footnotes":""},"class_list":["post-3050","page","type-page","status-publish","hentry"],"yoast_head":"<!-- This site is optimized with the Yoast SEO plugin v19.3 - https:\/\/yoast.com\/wordpress\/plugins\/seo\/ -->\n<title>Av\u00eds Legal - Turismo Rural El Serrat de Planoles<\/title>\n<meta name=\"robots\" content=\"index, follow, max-snippet:-1, max-image-preview:large, max-video-preview:-1\" \/>\n<link rel=\"canonical\" href=\"https:\/\/elserratplanoles.com\/ca\/avis-legal\/\" \/>\n<meta property=\"og:locale\" content=\"ca_ES\" \/>\n<meta property=\"og:type\" content=\"article\" \/>\n<meta property=\"og:title\" content=\"Av\u00eds Legal - Turismo Rural El Serrat de Planoles\" \/>\n<meta property=\"og:description\" content=\"El Serrat Turisme Rural SL amb domicili a Planoles, a la Mas\u00eda El Serrat s\/n, amb C.I.F. n\u00famero B17629262 inscrita en el Registre Mercantil de Girona, Tom 1537, Foli 185, Fulla n\u00famero GI-25640 ,INCRIPCI\u00d3 1\u00aa, i amb codi d\u2019inscripci\u00f3 al &hellip; Read More\" \/>\n<meta property=\"og:url\" content=\"https:\/\/elserratplanoles.com\/ca\/avis-legal\/\" \/>\n<meta property=\"og:site_name\" content=\"Turismo Rural El Serrat de Planoles\" \/>\n<meta property=\"article:modified_time\" content=\"2022-01-28T15:57:43+00:00\" \/>\n<meta name=\"twitter:card\" content=\"summary_large_image\" \/>\n<meta name=\"twitter:label1\" content=\"Temps estimat de lectura\" \/>\n\t<meta name=\"twitter:data1\" content=\"6 minuts\" \/>\n<script type=\"application\/ld+json\" class=\"yoast-schema-graph\">{\"@context\":\"https:\/\/schema.org\",\"@graph\":[{\"@type\":\"Organization\",\"@id\":\"https:\/\/elserratplanoles.com\/#organization\",\"name\":\"Turismo Rural El Serrat de Planoles\",\"url\":\"https:\/\/elserratplanoles.com\/\",\"sameAs\":[],\"logo\":{\"@type\":\"ImageObject\",\"inLanguage\":\"ca\",\"@id\":\"https:\/\/elserratplanoles.com\/#\/schema\/logo\/image\/\",\"url\":\"https:\/\/elserratplanoles.com\/wp-content\/uploads\/2021\/09\/Logo.jpg\",\"contentUrl\":\"https:\/\/elserratplanoles.com\/wp-content\/uploads\/2021\/09\/Logo.jpg\",\"width\":438,\"height\":441,\"caption\":\"Turismo Rural El Serrat de Planoles\"},\"image\":{\"@id\":\"https:\/\/elserratplanoles.com\/#\/schema\/logo\/image\/\"}},{\"@type\":\"WebSite\",\"@id\":\"https:\/\/elserratplanoles.com\/#website\",\"url\":\"https:\/\/elserratplanoles.com\/\",\"name\":\"Turismo Rural El Serrat de Planoles\",\"description\":\"Turismo Rural El Serrat de Planoles\",\"publisher\":{\"@id\":\"https:\/\/elserratplanoles.com\/#organization\"},\"potentialAction\":[{\"@type\":\"SearchAction\",\"target\":{\"@type\":\"EntryPoint\",\"urlTemplate\":\"https:\/\/elserratplanoles.com\/?s={search_term_string}\"},\"query-input\":\"required name=search_term_string\"}],\"inLanguage\":\"ca\"},{\"@type\":\"WebPage\",\"@id\":\"https:\/\/elserratplanoles.com\/ca\/avis-legal\/\",\"url\":\"https:\/\/elserratplanoles.com\/ca\/avis-legal\/\",\"name\":\"Av\u00eds Legal - Turismo Rural El Serrat de Planoles\",\"isPartOf\":{\"@id\":\"https:\/\/elserratplanoles.com\/#website\"},\"datePublished\":\"2022-01-28T15:57:42+00:00\",\"dateModified\":\"2022-01-28T15:57:43+00:00\",\"breadcrumb\":{\"@id\":\"https:\/\/elserratplanoles.com\/ca\/avis-legal\/#breadcrumb\"},\"inLanguage\":\"ca\",\"potentialAction\":[{\"@type\":\"ReadAction\",\"target\":[\"https:\/\/elserratplanoles.com\/ca\/avis-legal\/\"]}]},{\"@type\":\"BreadcrumbList\",\"@id\":\"https:\/\/elserratplanoles.com\/ca\/avis-legal\/#breadcrumb\",\"itemListElement\":[{\"@type\":\"ListItem\",\"position\":1,\"name\":\"Portada\",\"item\":\"https:\/\/elserratplanoles.com\/\"},{\"@type\":\"ListItem\",\"position\":2,\"name\":\"Av\u00eds Legal\"}]}]}<\/script>\n<!-- \/ Yoast SEO plugin. -->","yoast_head_json":{"title":"Av\u00eds Legal - Turismo Rural El Serrat de Planoles","robots":{"index":"index","follow":"follow","max-snippet":"max-snippet:-1","max-image-preview":"max-image-preview:large","max-video-preview":"max-video-preview:-1"},"canonical":"https:\/\/elserratplanoles.com\/ca\/avis-legal\/","og_locale":"ca_ES","og_type":"article","og_title":"Av\u00eds Legal - Turismo Rural El Serrat de Planoles","og_description":"El Serrat Turisme Rural SL amb domicili a Planoles, a la Mas\u00eda El Serrat s\/n, amb C.I.F. n\u00famero B17629262 inscrita en el Registre Mercantil de Girona, Tom 1537, Foli 185, Fulla n\u00famero GI-25640 ,INCRIPCI\u00d3 1\u00aa, i amb codi d\u2019inscripci\u00f3 al &hellip; Read More","og_url":"https:\/\/elserratplanoles.com\/ca\/avis-legal\/","og_site_name":"Turismo Rural El Serrat de Planoles","article_modified_time":"2022-01-28T15:57:43+00:00","twitter_card":"summary_large_image","twitter_misc":{"Temps estimat de lectura":"6 minuts"},"schema":{"@context":"https:\/\/schema.org","@graph":[{"@type":"Organization","@id":"https:\/\/elserratplanoles.com\/#organization","name":"Turismo Rural El Serrat de Planoles","url":"https:\/\/elserratplanoles.com\/","sameAs":[],"logo":{"@type":"ImageObject","inLanguage":"ca","@id":"https:\/\/elserratplanoles.com\/#\/schema\/logo\/image\/","url":"https:\/\/elserratplanoles.com\/wp-content\/uploads\/2021\/09\/Logo.jpg","contentUrl":"https:\/\/elserratplanoles.com\/wp-content\/uploads\/2021\/09\/Logo.jpg","width":438,"height":441,"caption":"Turismo Rural El Serrat de Planoles"},"image":{"@id":"https:\/\/elserratplanoles.com\/#\/schema\/logo\/image\/"}},{"@type":"WebSite","@id":"https:\/\/elserratplanoles.com\/#website","url":"https:\/\/elserratplanoles.com\/","name":"Turismo Rural El Serrat de Planoles","description":"Turismo Rural El Serrat de Planoles","publisher":{"@id":"https:\/\/elserratplanoles.com\/#organization"},"potentialAction":[{"@type":"SearchAction","target":{"@type":"EntryPoint","urlTemplate":"https:\/\/elserratplanoles.com\/?s={search_term_string}"},"query-input":"required name=search_term_string"}],"inLanguage":"ca"},{"@type":"WebPage","@id":"https:\/\/elserratplanoles.com\/ca\/avis-legal\/","url":"https:\/\/elserratplanoles.com\/ca\/avis-legal\/","name":"Av\u00eds Legal - Turismo Rural El Serrat de Planoles","isPartOf":{"@id":"https:\/\/elserratplanoles.com\/#website"},"datePublished":"2022-01-28T15:57:42+00:00","dateModified":"2022-01-28T15:57:43+00:00","breadcrumb":{"@id":"https:\/\/elserratplanoles.com\/ca\/avis-legal\/#breadcrumb"},"inLanguage":"ca","potentialAction":[{"@type":"ReadAction","target":["https:\/\/elserratplanoles.com\/ca\/avis-legal\/"]}]},{"@type":"BreadcrumbList","@id":"https:\/\/elserratplanoles.com\/ca\/avis-legal\/#breadcrumb","itemListElement":[{"@type":"ListItem","position":1,"name":"Portada","item":"https:\/\/elserratplanoles.com\/"},{"@type":"ListItem","position":2,"name":"Av\u00eds Legal"}]}]}},"_links":{"self":[{"href":"https:\/\/elserratplanoles.com\/ca\/wp-json\/wp\/v2\/pages\/3050","targetHints":{"allow":["GET"]}}],"collection":[{"href":"https:\/\/elserratplanoles.com\/ca\/wp-json\/wp\/v2\/pages"}],"about":[{"href":"https:\/\/elserratplanoles.com\/ca\/wp-json\/wp\/v2\/types\/page"}],"author":[{"embeddable":true,"href":"https:\/\/elserratplanoles.com\/ca\/wp-json\/wp\/v2\/users\/1"}],"replies":[{"embeddable":true,"href":"https:\/\/elserratplanoles.com\/ca\/wp-json\/wp\/v2\/comments?post=3050"}],"version-history":[{"count":1,"href":"https:\/\/elserratplanoles.com\/ca\/wp-json\/wp\/v2\/pages\/3050\/revisions"}],"predecessor-version":[{"id":3051,"href":"https:\/\/elserratplanoles.com\/ca\/wp-json\/wp\/v2\/pages\/3050\/revisions\/3051"}],"wp:attachment":[{"href":"https:\/\/elserratplanoles.com\/ca\/wp-json\/wp\/v2\/media?parent=3050"}],"curies":[{"name":"wp","href":"https:\/\/api.w.org\/{rel}","templated":true}]}}