{"id":2603,"date":"2022-01-26T16:33:57","date_gmt":"2022-01-26T16:33:57","guid":{"rendered":"https:\/\/elserratplanoles.com\/?page_id=2603"},"modified":"2026-01-09T22:16:08","modified_gmt":"2026-01-09T21:16:08","slug":"tarifes","status":"publish","type":"page","link":"https:\/\/elserratplanoles.com\/ca\/tarifes\/","title":{"rendered":"Tarifes"},"content":{"rendered":"\t\t<div data-elementor-type=\"wp-page\" data-elementor-id=\"2603\" class=\"elementor elementor-2603 elementor-795\">\n\t\t\t\t\t\t<div class=\"elementor-inner\">\n\t\t\t\t<div class=\"elementor-section-wrap\">\n\t\t\t\t\t\t\t\t\t<section class=\"elementor-section elementor-top-section elementor-element elementor-element-250c2e2 elementor-section-full_width elementor-section-height-min-height elementor-section-height-default elementor-section-items-middle\" data-id=\"250c2e2\" data-element_type=\"section\" data-settings=\"{&quot;background_background&quot;:&quot;classic&quot;}\">\n\t\t\t\t\t\t<div class=\"elementor-container elementor-column-gap-default\">\n\t\t\t\t\t\t\t<div class=\"elementor-row\">\n\t\t\t\t\t<div class=\"elementor-column elementor-col-100 elementor-top-column elementor-element elementor-element-5f5a7d2\" data-id=\"5f5a7d2\" data-element_type=\"column\">\n\t\t\t<div class=\"elementor-column-wrap elementor-element-populated\">\n\t\t\t\t\t\t\t<div class=\"elementor-widget-wrap\">\n\t\t\t\t\t\t<div class=\"elementor-element elementor-element-8acd14b elementor-widget elementor-widget-spacer\" data-id=\"8acd14b\" data-element_type=\"widget\" data-widget_type=\"spacer.default\">\n\t\t\t\t<div class=\"elementor-widget-container\">\n\t\t\t\t\t<div class=\"elementor-spacer\">\n\t\t\t<div class=\"elementor-spacer-inner\"><\/div>\n\t\t<\/div>\n\t\t\t\t<\/div>\n\t\t\t\t<\/div>\n\t\t\t\t<div class=\"elementor-element elementor-element-e372ee2 elementor-view-default elementor-position-top elementor-widget elementor-widget-themo-header\" data-id=\"e372ee2\" data-element_type=\"widget\" data-widget_type=\"themo-header.default\">\n\t\t\t\t<div class=\"elementor-widget-container\">\n\t\t\t\t\t<div class=\"th-header-wrap\">\n        <div class=\"elementor-icon-box-wrapper \">\n                            <div class=\"elementor-icon-box-content\">\n                    <h1 class=\"elementor-icon-box-title\">\n                        TARIFES                    <\/h1>\n                                        <p class=\"elementor-icon-box-description\">Compara les tarifes i els serveis de les diferents cases que tenim a la teva disposici\u00f3.<\/p>\n\n                                    <\/div>\n            <\/div>\n\n        <\/div>\n\n\t\t\t\t<\/div>\n\t\t\t\t<\/div>\n\t\t\t\t\t\t<\/div>\n\t\t\t\t\t<\/div>\n\t\t<\/div>\n\t\t\t\t\t\t\t\t<\/div>\n\t\t\t\t\t<\/div>\n\t\t<\/section>\n\t\t\t\t<section class=\"elementor-section elementor-top-section elementor-element elementor-element-2f00d81 elementor-section-boxed elementor-section-height-default elementor-section-height-default\" data-id=\"2f00d81\" data-element_type=\"section\">\n\t\t\t\t\t\t<div class=\"elementor-container elementor-column-gap-default\">\n\t\t\t\t\t\t\t<div class=\"elementor-row\">\n\t\t\t\t\t<div class=\"elementor-column elementor-col-100 elementor-top-column elementor-element elementor-element-b1262a2\" data-id=\"b1262a2\" data-element_type=\"column\">\n\t\t\t<div class=\"elementor-column-wrap elementor-element-populated\">\n\t\t\t\t\t\t\t<div class=\"elementor-widget-wrap\">\n\t\t\t\t\t\t<div class=\"elementor-element elementor-element-9b0f30d elementor-widget elementor-widget-spacer\" data-id=\"9b0f30d\" data-element_type=\"widget\" data-widget_type=\"spacer.default\">\n\t\t\t\t<div class=\"elementor-widget-container\">\n\t\t\t\t\t<div class=\"elementor-spacer\">\n\t\t\t<div class=\"elementor-spacer-inner\"><\/div>\n\t\t<\/div>\n\t\t\t\t<\/div>\n\t\t\t\t<\/div>\n\t\t\t\t<div class=\"elementor-element elementor-element-8fcea14 elementor-widget elementor-widget-text-editor\" data-id=\"8fcea14\" data-element_type=\"widget\" data-widget_type=\"text-editor.default\">\n\t\t\t\t<div class=\"elementor-widget-container\">\n\t\t\t\t\t\t\t\t<div class=\"elementor-text-editor elementor-clearfix\">\n\t\t\t\t<table style=\"width: 100%;\"><tbody><tr style=\"background-color: #34a9a7; color: #fff;\"><th style=\"text-align: center;\">CASES<\/th><th style=\"text-align: center;\">N\u00ba Habitacions<\/th><th style=\"text-align: center;\">Capacitat<\/th><th style=\"text-align: center;\">2 nits<\/th><th style=\"text-align: center;\">Dia addicional<\/th><th style=\"text-align: center;\">Una setmana<\/th><\/tr><tr><td style=\"text-align: center;\">El Boix<\/td><td style=\"text-align: center;\">2<\/td><td style=\"text-align: center;\">4<\/td><td style=\"text-align: center;\">295 \u20ac<\/td><td style=\"text-align: center;\">100 \u20ac<\/td><td style=\"text-align: center;\">780 \u20ac<\/td><\/tr><tr style=\"background-color: #d7f4ed;\"><td style=\"text-align: center;\">El Mig<\/td><td style=\"text-align: center;\">2<\/td><td style=\"text-align: center;\">4<\/td><td style=\"text-align: center;\">295 \u20ac<\/td><td style=\"text-align: center;\">100 \u20ac<\/td><td style=\"text-align: center;\">780 \u20ac<\/td><\/tr><tr><td style=\"text-align: center;\">El Recer<\/td><td style=\"text-align: center;\">2<\/td><td style=\"text-align: center;\">4-5<\/td><td style=\"text-align: center;\">295 \u20ac<\/td><td style=\"text-align: center;\">100 \u20ac<\/td><td style=\"text-align: center;\">780 \u20ac<\/td><\/tr><tr style=\"background-color: #d7f4ed;\"><td style=\"text-align: center;\">El Solei<\/td><td style=\"text-align: center;\">2<\/td><td style=\"text-align: center;\">4-5<\/td><td style=\"text-align: center;\">305 \u20ac<\/td><td style=\"text-align: center;\">100 \u20ac<\/td><td style=\"text-align: center;\">800 \u20ac<\/td><\/tr><tr><td style=\"text-align: center;\">El Freixe<\/td><td style=\"text-align: center;\">3<\/td><td style=\"text-align: center;\">6-7<\/td><td style=\"text-align: center;\">465 \u20ac<\/td><td style=\"text-align: center;\">140 \u20ac<\/td><td style=\"text-align: center;\">1135 \u20ac<\/td><\/tr><tr style=\"background-color: #d7f4ed;\"><td style=\"text-align: center;\">El Bac<\/td><td style=\"text-align: center;\">4<\/td><td style=\"text-align: center;\">8-10<\/td><td style=\"text-align: center;\">505 \u20ac<\/td><td style=\"text-align: center;\">150 \u20ac<\/td><td style=\"text-align: center;\">1260 \u20ac<\/td><\/tr><tr><td style=\"text-align: center;\">El Vent<\/td><td style=\"text-align: center;\">4<\/td><td style=\"text-align: center;\">8-10<\/td><td style=\"text-align: center;\">505 \u20ac<\/td><td style=\"text-align: center;\">150 \u20ac<\/td><td style=\"text-align: center;\">1260 \u20ac<\/td><\/tr><\/tbody><\/table>\t\t\t\t\t<\/div>\n\t\t\t\t\t\t<\/div>\n\t\t\t\t<\/div>\n\t\t\t\t\t\t<\/div>\n\t\t\t\t\t<\/div>\n\t\t<\/div>\n\t\t\t\t\t\t\t\t<\/div>\n\t\t\t\t\t<\/div>\n\t\t<\/section>\n\t\t\t\t<section class=\"elementor-section elementor-top-section elementor-element elementor-element-98c2de9 elementor-section-boxed elementor-section-height-default elementor-section-height-default\" data-id=\"98c2de9\" data-element_type=\"section\">\n\t\t\t\t\t\t<div class=\"elementor-container elementor-column-gap-default\">\n\t\t\t\t\t\t\t<div class=\"elementor-row\">\n\t\t\t\t\t<div class=\"elementor-column elementor-col-100 elementor-top-column elementor-element elementor-element-9136abf\" data-id=\"9136abf\" data-element_type=\"column\">\n\t\t\t<div class=\"elementor-column-wrap elementor-element-populated\">\n\t\t\t\t\t\t\t<div class=\"elementor-widget-wrap\">\n\t\t\t\t\t\t<div class=\"elementor-element elementor-element-ada1b57 elementor-widget elementor-widget-spacer\" data-id=\"ada1b57\" data-element_type=\"widget\" data-widget_type=\"spacer.default\">\n\t\t\t\t<div class=\"elementor-widget-container\">\n\t\t\t\t\t<div class=\"elementor-spacer\">\n\t\t\t<div class=\"elementor-spacer-inner\"><\/div>\n\t\t<\/div>\n\t\t\t\t<\/div>\n\t\t\t\t<\/div>\n\t\t\t\t<div class=\"elementor-element elementor-element-53dbf45 elementor-widget elementor-widget-text-editor\" data-id=\"53dbf45\" data-element_type=\"widget\" data-widget_type=\"text-editor.default\">\n\t\t\t\t<div class=\"elementor-widget-container\">\n\t\t\t\t\t\t\t\t<div class=\"elementor-text-editor elementor-clearfix\">\n\t\t\t\t<p>Preus mostrats per temporada baixa.<\/p><p>A la temporada alta s\u2019incrementen un 10% els preus. La temporada alta correspon a Setmana Santa, segona quinzena de Juliol, Agost, i Nadals (del 24 de desembre al 6 de gener).<\/p><p>Altres preus:<\/p><p>Taxa tur\u00edstica de 0\u201966\u20ac\/nit per a majors de 16 anys.<\/p><p>Al Recer, el Solei i el Freixe, \u00e9s possible afegir 1 llit extra per 15\u20ac\/nit.<\/p><p>Al Bac i El Vent es pot afegir un segon llit extra m\u00e9s per 15\u20ac m\u00e9s la nit.<\/p><p>Llenya disponible a 5\u20ac\/caixa.<\/p><p>Les rentadores funcionen amb monedes de 1\u20ac.<\/p><p>Cancel\u00b7laci\u00f3 sense c\u00e0rrec fins a 15 dies abans de l\u2019estada.<\/p><p>* Si portes mascota s\u2019haur\u00e0 de deixar un dip\u00f2sit de 150 euros, que ser\u00e0 retornat sempre que es compleixi la normativa d\u2019entregar la casa en condicions, tenint en compte que les mascotes no poden entrar a les habitacions ni pujar al sof\u00e0.<\/p>\t\t\t\t\t<\/div>\n\t\t\t\t\t\t<\/div>\n\t\t\t\t<\/div>\n\t\t\t\t\t\t<\/div>\n\t\t\t\t\t<\/div>\n\t\t<\/div>\n\t\t\t\t\t\t\t\t<\/div>\n\t\t\t\t\t<\/div>\n\t\t<\/section>\n\t\t\t\t\t\t\t\t\t<\/div>\n\t\t\t<\/div>\n\t\t\t\t\t<\/div>\n\t\t","protected":false},"excerpt":{"rendered":"<p>TARIFES Compara les tarifes i els serveis de les diferents cases que tenim a la teva disposici\u00f3. CASES N\u00ba Habitacions Capacitat 2 nits Dia addicional Una setmana El Boix 2 4 295 \u20ac 100 \u20ac 780 \u20ac El Mig 2 &hellip; <a href=\"https:\/\/elserratplanoles.com\/ca\/tarifes\/\">Read More<\/a><\/p>\n","protected":false},"author":1,"featured_media":0,"parent":0,"menu_order":0,"comment_status":"closed","ping_status":"closed","template":"","meta":{"footnotes":""},"class_list":["post-2603","page","type-page","status-publish","hentry"],"yoast_head":"<!-- This site is optimized with the Yoast SEO plugin v19.3 - https:\/\/yoast.com\/wordpress\/plugins\/seo\/ -->\n<title>Tarifes - Turismo Rural El Serrat de Planoles<\/title>\n<meta name=\"robots\" content=\"index, follow, max-snippet:-1, max-image-preview:large, max-video-preview:-1\" \/>\n<link rel=\"canonical\" href=\"https:\/\/elserratplanoles.com\/tarifas\/\" \/>\n<meta property=\"og:locale\" content=\"ca_ES\" \/>\n<meta property=\"og:type\" content=\"article\" \/>\n<meta property=\"og:title\" content=\"Tarifes - Turismo Rural El Serrat de Planoles\" \/>\n<meta property=\"og:description\" content=\"TARIFES Compara les tarifes i els serveis de les diferents cases que tenim a la teva disposici\u00f3. CASES N\u00ba Habitacions Capacitat 2 nits Dia addicional Una setmana El Boix 2 4 295 \u20ac 100 \u20ac 780 \u20ac El Mig 2 &hellip; Read More\" \/>\n<meta property=\"og:url\" content=\"https:\/\/elserratplanoles.com\/tarifas\/\" \/>\n<meta property=\"og:site_name\" content=\"Turismo Rural El Serrat de Planoles\" \/>\n<meta property=\"article:modified_time\" content=\"2026-01-09T21:16:08+00:00\" \/>\n<meta name=\"twitter:card\" content=\"summary_large_image\" \/>\n<meta name=\"twitter:label1\" content=\"Temps estimat de lectura\" \/>\n\t<meta name=\"twitter:data1\" content=\"2 minuts\" \/>\n<script type=\"application\/ld+json\" class=\"yoast-schema-graph\">{\"@context\":\"https:\/\/schema.org\",\"@graph\":[{\"@type\":\"Organization\",\"@id\":\"https:\/\/elserratplanoles.com\/#organization\",\"name\":\"Turismo Rural El Serrat de Planoles\",\"url\":\"https:\/\/elserratplanoles.com\/\",\"sameAs\":[],\"logo\":{\"@type\":\"ImageObject\",\"inLanguage\":\"ca\",\"@id\":\"https:\/\/elserratplanoles.com\/#\/schema\/logo\/image\/\",\"url\":\"https:\/\/elserratplanoles.com\/wp-content\/uploads\/2021\/09\/Logo.jpg\",\"contentUrl\":\"https:\/\/elserratplanoles.com\/wp-content\/uploads\/2021\/09\/Logo.jpg\",\"width\":438,\"height\":441,\"caption\":\"Turismo Rural El Serrat de Planoles\"},\"image\":{\"@id\":\"https:\/\/elserratplanoles.com\/#\/schema\/logo\/image\/\"}},{\"@type\":\"WebSite\",\"@id\":\"https:\/\/elserratplanoles.com\/#website\",\"url\":\"https:\/\/elserratplanoles.com\/\",\"name\":\"Turismo Rural El Serrat de Planoles\",\"description\":\"Turismo Rural El Serrat de Planoles\",\"publisher\":{\"@id\":\"https:\/\/elserratplanoles.com\/#organization\"},\"potentialAction\":[{\"@type\":\"SearchAction\",\"target\":{\"@type\":\"EntryPoint\",\"urlTemplate\":\"https:\/\/elserratplanoles.com\/?s={search_term_string}\"},\"query-input\":\"required name=search_term_string\"}],\"inLanguage\":\"ca\"},{\"@type\":\"WebPage\",\"@id\":\"https:\/\/elserratplanoles.com\/tarifas\/\",\"url\":\"https:\/\/elserratplanoles.com\/tarifas\/\",\"name\":\"Tarifes - Turismo Rural El Serrat de Planoles\",\"isPartOf\":{\"@id\":\"https:\/\/elserratplanoles.com\/#website\"},\"datePublished\":\"2022-01-26T16:33:57+00:00\",\"dateModified\":\"2026-01-09T21:16:08+00:00\",\"breadcrumb\":{\"@id\":\"https:\/\/elserratplanoles.com\/tarifas\/#breadcrumb\"},\"inLanguage\":\"ca\",\"potentialAction\":[{\"@type\":\"ReadAction\",\"target\":[\"https:\/\/elserratplanoles.com\/tarifas\/\"]}]},{\"@type\":\"BreadcrumbList\",\"@id\":\"https:\/\/elserratplanoles.com\/tarifas\/#breadcrumb\",\"itemListElement\":[{\"@type\":\"ListItem\",\"position\":1,\"name\":\"Portada\",\"item\":\"https:\/\/elserratplanoles.com\/\"},{\"@type\":\"ListItem\",\"position\":2,\"name\":\"Tarifes\"}]}]}<\/script>\n<!-- \/ Yoast SEO plugin. -->","yoast_head_json":{"title":"Tarifes - Turismo Rural El Serrat de Planoles","robots":{"index":"index","follow":"follow","max-snippet":"max-snippet:-1","max-image-preview":"max-image-preview:large","max-video-preview":"max-video-preview:-1"},"canonical":"https:\/\/elserratplanoles.com\/tarifas\/","og_locale":"ca_ES","og_type":"article","og_title":"Tarifes - Turismo Rural El Serrat de Planoles","og_description":"TARIFES Compara les tarifes i els serveis de les diferents cases que tenim a la teva disposici\u00f3. CASES N\u00ba Habitacions Capacitat 2 nits Dia addicional Una setmana El Boix 2 4 295 \u20ac 100 \u20ac 780 \u20ac El Mig 2 &hellip; Read More","og_url":"https:\/\/elserratplanoles.com\/tarifas\/","og_site_name":"Turismo Rural El Serrat de Planoles","article_modified_time":"2026-01-09T21:16:08+00:00","twitter_card":"summary_large_image","twitter_misc":{"Temps estimat de lectura":"2 minuts"},"schema":{"@context":"https:\/\/schema.org","@graph":[{"@type":"Organization","@id":"https:\/\/elserratplanoles.com\/#organization","name":"Turismo Rural El Serrat de Planoles","url":"https:\/\/elserratplanoles.com\/","sameAs":[],"logo":{"@type":"ImageObject","inLanguage":"ca","@id":"https:\/\/elserratplanoles.com\/#\/schema\/logo\/image\/","url":"https:\/\/elserratplanoles.com\/wp-content\/uploads\/2021\/09\/Logo.jpg","contentUrl":"https:\/\/elserratplanoles.com\/wp-content\/uploads\/2021\/09\/Logo.jpg","width":438,"height":441,"caption":"Turismo Rural El Serrat de Planoles"},"image":{"@id":"https:\/\/elserratplanoles.com\/#\/schema\/logo\/image\/"}},{"@type":"WebSite","@id":"https:\/\/elserratplanoles.com\/#website","url":"https:\/\/elserratplanoles.com\/","name":"Turismo Rural El Serrat de Planoles","description":"Turismo Rural El Serrat de Planoles","publisher":{"@id":"https:\/\/elserratplanoles.com\/#organization"},"potentialAction":[{"@type":"SearchAction","target":{"@type":"EntryPoint","urlTemplate":"https:\/\/elserratplanoles.com\/?s={search_term_string}"},"query-input":"required name=search_term_string"}],"inLanguage":"ca"},{"@type":"WebPage","@id":"https:\/\/elserratplanoles.com\/tarifas\/","url":"https:\/\/elserratplanoles.com\/tarifas\/","name":"Tarifes - Turismo Rural El Serrat de Planoles","isPartOf":{"@id":"https:\/\/elserratplanoles.com\/#website"},"datePublished":"2022-01-26T16:33:57+00:00","dateModified":"2026-01-09T21:16:08+00:00","breadcrumb":{"@id":"https:\/\/elserratplanoles.com\/tarifas\/#breadcrumb"},"inLanguage":"ca","potentialAction":[{"@type":"ReadAction","target":["https:\/\/elserratplanoles.com\/tarifas\/"]}]},{"@type":"BreadcrumbList","@id":"https:\/\/elserratplanoles.com\/tarifas\/#breadcrumb","itemListElement":[{"@type":"ListItem","position":1,"name":"Portada","item":"https:\/\/elserratplanoles.com\/"},{"@type":"ListItem","position":2,"name":"Tarifes"}]}]}},"_links":{"self":[{"href":"https:\/\/elserratplanoles.com\/ca\/wp-json\/wp\/v2\/pages\/2603","targetHints":{"allow":["GET"]}}],"collection":[{"href":"https:\/\/elserratplanoles.com\/ca\/wp-json\/wp\/v2\/pages"}],"about":[{"href":"https:\/\/elserratplanoles.com\/ca\/wp-json\/wp\/v2\/types\/page"}],"author":[{"embeddable":true,"href":"https:\/\/elserratplanoles.com\/ca\/wp-json\/wp\/v2\/users\/1"}],"replies":[{"embeddable":true,"href":"https:\/\/elserratplanoles.com\/ca\/wp-json\/wp\/v2\/comments?post=2603"}],"version-history":[{"count":33,"href":"https:\/\/elserratplanoles.com\/ca\/wp-json\/wp\/v2\/pages\/2603\/revisions"}],"predecessor-version":[{"id":10383,"href":"https:\/\/elserratplanoles.com\/ca\/wp-json\/wp\/v2\/pages\/2603\/revisions\/10383"}],"wp:attachment":[{"href":"https:\/\/elserratplanoles.com\/ca\/wp-json\/wp\/v2\/media?parent=2603"}],"curies":[{"name":"wp","href":"https:\/\/api.w.org\/{rel}","templated":true}]}}