{"id":2581,"date":"2022-01-26T15:30:28","date_gmt":"2022-01-26T15:30:28","guid":{"rendered":"https:\/\/elserratplanoles.com\/?page_id=2581"},"modified":"2022-01-31T12:39:30","modified_gmt":"2022-01-31T12:39:30","slug":"entorn","status":"publish","type":"page","link":"https:\/\/elserratplanoles.com\/ca\/entorn\/","title":{"rendered":"Entorn"},"content":{"rendered":"\t\t<div data-elementor-type=\"wp-post\" data-elementor-id=\"2581\" class=\"elementor elementor-2581 elementor-341\">\n\t\t\t\t\t\t<div class=\"elementor-inner\">\n\t\t\t\t<div class=\"elementor-section-wrap\">\n\t\t\t\t\t\t\t\t\t<section class=\"elementor-section elementor-top-section elementor-element elementor-element-6229ba4 elementor-section-full_width elementor-section-height-min-height elementor-section-height-default elementor-section-items-middle\" data-id=\"6229ba4\" data-element_type=\"section\" data-settings=\"{&quot;background_background&quot;:&quot;classic&quot;}\">\n\t\t\t\t\t\t\t<div class=\"elementor-background-overlay\"><\/div>\n\t\t\t\t\t\t\t<div class=\"elementor-container elementor-column-gap-default\">\n\t\t\t\t\t\t\t<div class=\"elementor-row\">\n\t\t\t\t\t<div class=\"elementor-column elementor-col-100 elementor-top-column elementor-element elementor-element-1f66876d\" data-id=\"1f66876d\" data-element_type=\"column\">\n\t\t\t<div class=\"elementor-column-wrap elementor-element-populated\">\n\t\t\t\t\t\t\t<div class=\"elementor-widget-wrap\">\n\t\t\t\t\t\t<div class=\"elementor-element elementor-element-68d1557 elementor-widget elementor-widget-spacer\" data-id=\"68d1557\" data-element_type=\"widget\" data-widget_type=\"spacer.default\">\n\t\t\t\t<div class=\"elementor-widget-container\">\n\t\t\t\t\t<div class=\"elementor-spacer\">\n\t\t\t<div class=\"elementor-spacer-inner\"><\/div>\n\t\t<\/div>\n\t\t\t\t<\/div>\n\t\t\t\t<\/div>\n\t\t\t\t<div class=\"elementor-element elementor-element-321bcc27 elementor-view-default elementor-position-top elementor-invisible elementor-widget elementor-widget-themo-header\" data-id=\"321bcc27\" data-element_type=\"widget\" data-settings=\"{&quot;_animation&quot;:&quot;fadeIn&quot;}\" data-widget_type=\"themo-header.default\">\n\t\t\t\t<div class=\"elementor-widget-container\">\n\t\t\t\t\t<div class=\"th-header-wrap\">\n        <div class=\"elementor-icon-box-wrapper \">\n                            <div class=\"elementor-icon-box-content\">\n                    <h1 class=\"elementor-icon-box-title\">\n                        ENTORN                    <\/h1>\n                                        <p class=\"elementor-icon-box-description\">La natura i la tranquil\u00b7litat per bandera.<\/p>\n\n                                    <\/div>\n            <\/div>\n\n        <\/div>\n\n\t\t\t\t<\/div>\n\t\t\t\t<\/div>\n\t\t\t\t\t\t<\/div>\n\t\t\t\t\t<\/div>\n\t\t<\/div>\n\t\t\t\t\t\t\t\t<\/div>\n\t\t\t\t\t<\/div>\n\t\t<\/section>\n\t\t\t\t<section class=\"elementor-section elementor-top-section elementor-element elementor-element-51204c8d elementor-section-boxed elementor-section-height-default elementor-section-height-default\" data-id=\"51204c8d\" data-element_type=\"section\" data-settings=\"{&quot;background_background&quot;:&quot;classic&quot;}\">\n\t\t\t\t\t\t<div class=\"elementor-container elementor-column-gap-default\">\n\t\t\t\t\t\t\t<div class=\"elementor-row\">\n\t\t\t\t\t<div class=\"elementor-column elementor-col-100 elementor-top-column elementor-element elementor-element-50ec539c\" data-id=\"50ec539c\" data-element_type=\"column\">\n\t\t\t<div class=\"elementor-column-wrap elementor-element-populated\">\n\t\t\t\t\t\t\t<div class=\"elementor-widget-wrap\">\n\t\t\t\t\t\t<div class=\"elementor-element elementor-element-183c3c17 elementor-widget elementor-widget-spacer\" data-id=\"183c3c17\" data-element_type=\"widget\" data-widget_type=\"spacer.default\">\n\t\t\t\t<div class=\"elementor-widget-container\">\n\t\t\t\t\t<div class=\"elementor-spacer\">\n\t\t\t<div class=\"elementor-spacer-inner\"><\/div>\n\t\t<\/div>\n\t\t\t\t<\/div>\n\t\t\t\t<\/div>\n\t\t\t\t<div class=\"elementor-element elementor-element-63297780 elementor-view-default elementor-position-top elementor-widget elementor-widget-themo-header\" data-id=\"63297780\" data-element_type=\"widget\" data-widget_type=\"themo-header.default\">\n\t\t\t\t<div class=\"elementor-widget-container\">\n\t\t\t\t\t<div class=\"th-header-wrap\">\n        <div class=\"elementor-icon-box-wrapper \">\n                            <div class=\"elementor-icon-box-content\">\n                    <h2 class=\"elementor-icon-box-title\">\n                        UN LLOC PER RECONNECTAR                    <\/h2>\n                                            <span class=\"th-header-divider\"><\/span>\n                                        <p class=\"elementor-icon-box-description\">Un paisatge \u00fanic entre les muntanyes del Pirineu. Respira i desconnecta de la teva rutina entre aquests meravellosos paratges naturals, ideal per treure'ns l'estr\u00e8s i tornar a estar en sintonia amb la natura.<\/p>\n\n                                    <\/div>\n            <\/div>\n\n        <\/div>\n\n\t\t\t\t<\/div>\n\t\t\t\t<\/div>\n\t\t\t\t<div class=\"elementor-element elementor-element-947533e elementor-widget elementor-widget-text-editor\" data-id=\"947533e\" data-element_type=\"widget\" data-widget_type=\"text-editor.default\">\n\t\t\t\t<div class=\"elementor-widget-container\">\n\t\t\t\t\t\t\t\t<div class=\"elementor-text-editor elementor-clearfix\">\n\t\t\t\t<p>El lloc es troba a 1 km de Planoles i a 6 km de Ribes de Freser (Ripoll\u00e8s) per la carretera nacional de la Collada de Toses. \u00c9s una antiga casa de muntanya rehabilitada respectant l&#8217;aspecte r\u00fastic del conjunt d&#8217;edificis i cabanes disposats al voltant de l&#8217;era. La construcci\u00f3, en forma de \u00abL\u00bb, \u00e9s tancada al nord, arrecerada cap al migdia, i t\u00e9 sol tot el dia.<\/p><p>L&#8217;entorn de la casa el formen els prats de dalla i, a l&#8217;espai m\u00e9s immediat, els freixes centenaris que l&#8217;envolten i la protegeixen. La seva situaci\u00f3 \u00e9s immillorable, en un dels punts m\u00e9s assolellats de la Vall de Ribes, un lloc molt tranquil des d\u00b4on es gaudeix d\u00b4unes vistes espectaculars del Taga i de la vall.<\/p><p>L\u00b4antiga masia ha estat reformada buscant un equilibri entre modernitat i tradici\u00f3, s\u00b4ha distribu\u00eft en 7 allotjaments independents, tots diferents, equipats amb les m\u00e0ximes comoditats i amb absolut respecte pel medi ambient.<\/p><p>El espai exterior es comunitari per a tots els allotjaments, tot i que cadascun d\u2019ells disposa de una zona davant de la seva entrada, equipada amb mobiliari de fusta per a jard\u00ed. Hi ha una sala comuna de neteja amb rentadores. Annexa a la casa hi ha una <a href=\"https:\/\/elserratplanoles.com\/ca\/accommodation\/graelles-i-barbacoes\/\">zona de barbacoes<\/a>, aix\u00ed com una <a href=\"https:\/\/elserratplanoles.com\/ca\/accommodation\/piscina-catala\/\">piscina<\/a>.<\/p><p>A Planoles hi ha botiga de queviures i forn. A Ribes de Freser trobareu comer\u00e7os i el Centre d&#8217;Atenci\u00f3 Prim\u00e0ria i Campdev\u00e0nol (a 10 km de Ribes), l&#8217;Hospital Comarcal.<\/p><p>A la vall trobareu una <a href=\"https:\/\/elserratplanoles.com\/ca\/activitats\/\">gran oferta d&#8217;activitats de muntanya<\/a>: Itineraris per a BTT, excursionisme, esqu\u00ed a La Molina, Masella, N\u00faria, piscina i pistes de tennis al poble de Planoles. Excursions a cavall a Nev\u00e0, Pardines i Campdev\u00e0nol. Oferta gastron\u00f2mica a tots els pobles de la comarca.<\/p><p>D&#8217;especial inter\u00e8s \u00e9s la ruta del Rom\u00e0nic de la vall: D\u00f2rria (pintures), Toses, Queralbs, Fustany\u00e0, Puigsac i Plan\u00e8s. La naturalesa frondosa que envolta El Serrat permet la realitzaci\u00f3 de tot tipus d&#8217;activitats d&#8217;oci i aventura.<\/p>\t\t\t\t\t<\/div>\n\t\t\t\t\t\t<\/div>\n\t\t\t\t<\/div>\n\t\t\t\t<div class=\"elementor-element elementor-element-40b9772e elementor-widget elementor-widget-spacer\" data-id=\"40b9772e\" data-element_type=\"widget\" data-widget_type=\"spacer.default\">\n\t\t\t\t<div class=\"elementor-widget-container\">\n\t\t\t\t\t<div class=\"elementor-spacer\">\n\t\t\t<div class=\"elementor-spacer-inner\"><\/div>\n\t\t<\/div>\n\t\t\t\t<\/div>\n\t\t\t\t<\/div>\n\t\t\t\t\t\t<\/div>\n\t\t\t\t\t<\/div>\n\t\t<\/div>\n\t\t\t\t\t\t\t\t<\/div>\n\t\t\t\t\t<\/div>\n\t\t<\/section>\n\t\t\t\t<section class=\"elementor-section elementor-top-section elementor-element elementor-element-41cfe23b elementor-section-full_width elementor-section-height-default elementor-section-height-default\" data-id=\"41cfe23b\" data-element_type=\"section\">\n\t\t\t\t\t\t<div class=\"elementor-container elementor-column-gap-no\">\n\t\t\t\t\t\t\t<div class=\"elementor-row\">\n\t\t\t\t\t<div class=\"elementor-column elementor-col-100 elementor-top-column elementor-element elementor-element-dc0e425\" data-id=\"dc0e425\" data-element_type=\"column\">\n\t\t\t<div class=\"elementor-column-wrap elementor-element-populated\">\n\t\t\t\t\t\t\t<div class=\"elementor-widget-wrap\">\n\t\t\t\t\t\t<div class=\"elementor-element elementor-element-2649bbfa elementor-arrows-position-inside elementor-widget elementor-widget-image-carousel\" data-id=\"2649bbfa\" data-element_type=\"widget\" data-settings=\"{&quot;slides_to_show&quot;:&quot;4&quot;,&quot;navigation&quot;:&quot;arrows&quot;,&quot;autoplay&quot;:&quot;yes&quot;,&quot;pause_on_hover&quot;:&quot;yes&quot;,&quot;pause_on_interaction&quot;:&quot;yes&quot;,&quot;autoplay_speed&quot;:5000,&quot;infinite&quot;:&quot;yes&quot;,&quot;speed&quot;:500}\" data-widget_type=\"image-carousel.default\">\n\t\t\t\t<div class=\"elementor-widget-container\">\n\t\t\t\t\t<div class=\"elementor-image-carousel-wrapper swiper-container\" dir=\"ltr\">\n\t\t\t<div class=\"elementor-image-carousel swiper-wrapper swiper-image-stretch\">\n\t\t\t\t\t\t\t\t<div class=\"swiper-slide\"><figure class=\"swiper-slide-inner\"><img decoding=\"async\" class=\"swiper-slide-image\" src=\"https:\/\/elserratplanoles.com\/wp-content\/uploads\/2021\/06\/tira-entorno-1.jpg\" alt=\"tira-entorno-1\" \/><\/figure><\/div><div class=\"swiper-slide\"><figure class=\"swiper-slide-inner\"><img decoding=\"async\" class=\"swiper-slide-image\" src=\"https:\/\/elserratplanoles.com\/wp-content\/uploads\/2021\/06\/tira-entorno-2.jpg\" alt=\"tira-entorno-2\" \/><\/figure><\/div><div class=\"swiper-slide\"><figure class=\"swiper-slide-inner\"><img decoding=\"async\" class=\"swiper-slide-image\" src=\"https:\/\/elserratplanoles.com\/wp-content\/uploads\/2021\/06\/tira-entorno-3.jpg\" alt=\"tira-entorno-3\" \/><\/figure><\/div><div class=\"swiper-slide\"><figure class=\"swiper-slide-inner\"><img decoding=\"async\" class=\"swiper-slide-image\" src=\"https:\/\/elserratplanoles.com\/wp-content\/uploads\/2021\/06\/tira-entorno-4.jpg\" alt=\"tira-entorno-4\" \/><\/figure><\/div><div class=\"swiper-slide\"><figure class=\"swiper-slide-inner\"><img decoding=\"async\" class=\"swiper-slide-image\" src=\"https:\/\/elserratplanoles.com\/wp-content\/uploads\/2021\/06\/tira-entorno-5.jpg\" alt=\"tira-entorno-5\" \/><\/figure><\/div><div class=\"swiper-slide\"><figure class=\"swiper-slide-inner\"><img decoding=\"async\" class=\"swiper-slide-image\" src=\"https:\/\/elserratplanoles.com\/wp-content\/uploads\/2021\/06\/tira-entorno-6.jpg\" alt=\"tira-entorno-6\" \/><\/figure><\/div><div class=\"swiper-slide\"><figure class=\"swiper-slide-inner\"><img decoding=\"async\" class=\"swiper-slide-image\" src=\"https:\/\/elserratplanoles.com\/wp-content\/uploads\/2021\/06\/tira-entorno-7.jpg\" alt=\"tira-entorno-7\" \/><\/figure><\/div><div class=\"swiper-slide\"><figure class=\"swiper-slide-inner\"><img decoding=\"async\" class=\"swiper-slide-image\" src=\"https:\/\/elserratplanoles.com\/wp-content\/uploads\/2021\/06\/tira-entorno-8.jpg\" alt=\"tira-entorno-8\" \/><\/figure><\/div>\t\t\t<\/div>\n\t\t\t\t\t\t\t\t\t\t\t\t\t\t\t\t<div class=\"elementor-swiper-button elementor-swiper-button-prev\">\n\t\t\t\t\t\t<i aria-hidden=\"true\" class=\"eicon-chevron-left\"><\/i>\t\t\t\t\t\t<span class=\"elementor-screen-only\">Anterior<\/span>\n\t\t\t\t\t<\/div>\n\t\t\t\t\t<div class=\"elementor-swiper-button elementor-swiper-button-next\">\n\t\t\t\t\t\t<i aria-hidden=\"true\" class=\"eicon-chevron-right\"><\/i>\t\t\t\t\t\t<span class=\"elementor-screen-only\">Seg\u00fcent<\/span>\n\t\t\t\t\t<\/div>\n\t\t\t\t\t\t\t\t\t<\/div>\n\t\t\t\t<\/div>\n\t\t\t\t<\/div>\n\t\t\t\t\t\t<\/div>\n\t\t\t\t\t<\/div>\n\t\t<\/div>\n\t\t\t\t\t\t\t\t<\/div>\n\t\t\t\t\t<\/div>\n\t\t<\/section>\n\t\t\t\t<section class=\"elementor-section elementor-top-section elementor-element elementor-element-1be60ac elementor-section-height-min-height elementor-section-boxed elementor-section-height-default elementor-section-items-middle\" data-id=\"1be60ac\" data-element_type=\"section\" data-settings=\"{&quot;background_background&quot;:&quot;classic&quot;}\">\n\t\t\t\t\t\t\t<div class=\"elementor-background-overlay\"><\/div>\n\t\t\t\t\t\t\t<div class=\"elementor-container elementor-column-gap-default\">\n\t\t\t\t\t\t\t<div class=\"elementor-row\">\n\t\t\t\t\t<div class=\"elementor-column elementor-col-100 elementor-top-column elementor-element elementor-element-1be049e elementor-invisible\" data-id=\"1be049e\" data-element_type=\"column\" data-settings=\"{&quot;animation&quot;:&quot;fadeIn&quot;}\">\n\t\t\t<div class=\"elementor-column-wrap elementor-element-populated\">\n\t\t\t\t\t\t\t<div class=\"elementor-widget-wrap\">\n\t\t\t\t\t\t<div class=\"elementor-element elementor-element-e32437d elementor-widget elementor-widget-heading\" data-id=\"e32437d\" data-element_type=\"widget\" data-widget_type=\"heading.default\">\n\t\t\t\t<div class=\"elementor-widget-container\">\n\t\t\t<h3 class=\"elementor-heading-title elementor-size-default\">CONSULTA TOTES LES NOSTRES TARIFES<\/h3>\t\t<\/div>\n\t\t\t\t<\/div>\n\t\t\t\t<div class=\"elementor-element elementor-element-9b164c2 th-btn-align-center elementor-widget elementor-widget-themo-button\" data-id=\"9b164c2\" data-element_type=\"widget\" data-widget_type=\"themo-button.default\">\n\t\t\t\t<div class=\"elementor-widget-container\">\n\t\t\t\n                \t\t\t<a class=\"btn-1 btn th-btn btn-ghost-light\" href=\"https:\/\/elserratplanoles.com\/ca\/tarifes\/\">\n\t\t\t\t\t\t\t\t\tVeure tarifes\t\t\t\t\t\t\t<\/a>\n\t\t\n        \n\t\t\t\t<\/div>\n\t\t\t\t<\/div>\n\t\t\t\t\t\t<\/div>\n\t\t\t\t\t<\/div>\n\t\t<\/div>\n\t\t\t\t\t\t\t\t<\/div>\n\t\t\t\t\t<\/div>\n\t\t<\/section>\n\t\t\t\t\t\t\t\t\t<\/div>\n\t\t\t<\/div>\n\t\t\t\t\t<\/div>\n\t\t","protected":false},"excerpt":{"rendered":"<p>ENTORN La natura i la tranquil\u00b7litat per bandera. UN LLOC PER RECONNECTAR Un paisatge \u00fanic entre les muntanyes del Pirineu. Respira i desconnecta de la teva rutina entre aquests meravellosos paratges naturals, ideal per treure&#8217;ns l&#8217;estr\u00e8s i tornar a estar &hellip; <a href=\"https:\/\/elserratplanoles.com\/ca\/entorn\/\">Read More<\/a><\/p>\n","protected":false},"author":1,"featured_media":0,"parent":0,"menu_order":13,"comment_status":"closed","ping_status":"closed","template":"","meta":{"footnotes":""},"class_list":["post-2581","page","type-page","status-publish","hentry"],"yoast_head":"<!-- This site is optimized with the Yoast SEO plugin v19.3 - https:\/\/yoast.com\/wordpress\/plugins\/seo\/ -->\n<title>Entorn - Turismo Rural El Serrat de Planoles<\/title>\n<meta name=\"robots\" content=\"index, follow, max-snippet:-1, max-image-preview:large, max-video-preview:-1\" \/>\n<link rel=\"canonical\" href=\"https:\/\/elserratplanoles.com\/entorno\/\" \/>\n<meta property=\"og:locale\" content=\"ca_ES\" \/>\n<meta property=\"og:type\" content=\"article\" \/>\n<meta property=\"og:title\" content=\"Entorn - Turismo Rural El Serrat de Planoles\" \/>\n<meta property=\"og:description\" content=\"ENTORN La natura i la tranquil\u00b7litat per bandera. UN LLOC PER RECONNECTAR Un paisatge \u00fanic entre les muntanyes del Pirineu. Respira i desconnecta de la teva rutina entre aquests meravellosos paratges naturals, ideal per treure&#8217;ns l&#8217;estr\u00e8s i tornar a estar &hellip; Read More\" \/>\n<meta property=\"og:url\" content=\"https:\/\/elserratplanoles.com\/entorno\/\" \/>\n<meta property=\"og:site_name\" content=\"Turismo Rural El Serrat de Planoles\" \/>\n<meta property=\"article:modified_time\" content=\"2022-01-31T12:39:30+00:00\" \/>\n<meta property=\"og:image\" content=\"https:\/\/elserratplanoles.com\/wp-content\/uploads\/2021\/06\/tira-entorno-1.jpg\" \/>\n<meta name=\"twitter:card\" content=\"summary_large_image\" \/>\n<meta name=\"twitter:label1\" content=\"Temps estimat de lectura\" \/>\n\t<meta name=\"twitter:data1\" content=\"6 minuts\" \/>\n<script type=\"application\/ld+json\" class=\"yoast-schema-graph\">{\"@context\":\"https:\/\/schema.org\",\"@graph\":[{\"@type\":\"Organization\",\"@id\":\"https:\/\/elserratplanoles.com\/#organization\",\"name\":\"Turismo Rural El Serrat de Planoles\",\"url\":\"https:\/\/elserratplanoles.com\/\",\"sameAs\":[],\"logo\":{\"@type\":\"ImageObject\",\"inLanguage\":\"ca\",\"@id\":\"https:\/\/elserratplanoles.com\/#\/schema\/logo\/image\/\",\"url\":\"https:\/\/elserratplanoles.com\/wp-content\/uploads\/2021\/09\/Logo.jpg\",\"contentUrl\":\"https:\/\/elserratplanoles.com\/wp-content\/uploads\/2021\/09\/Logo.jpg\",\"width\":438,\"height\":441,\"caption\":\"Turismo Rural El Serrat de Planoles\"},\"image\":{\"@id\":\"https:\/\/elserratplanoles.com\/#\/schema\/logo\/image\/\"}},{\"@type\":\"WebSite\",\"@id\":\"https:\/\/elserratplanoles.com\/#website\",\"url\":\"https:\/\/elserratplanoles.com\/\",\"name\":\"Turismo Rural El Serrat de Planoles\",\"description\":\"Turismo Rural El Serrat de Planoles\",\"publisher\":{\"@id\":\"https:\/\/elserratplanoles.com\/#organization\"},\"potentialAction\":[{\"@type\":\"SearchAction\",\"target\":{\"@type\":\"EntryPoint\",\"urlTemplate\":\"https:\/\/elserratplanoles.com\/?s={search_term_string}\"},\"query-input\":\"required name=search_term_string\"}],\"inLanguage\":\"ca\"},{\"@type\":\"ImageObject\",\"inLanguage\":\"ca\",\"@id\":\"https:\/\/elserratplanoles.com\/entorno\/#primaryimage\",\"url\":\"https:\/\/elserratplanoles.com\/wp-content\/uploads\/2021\/06\/tira-entorno-1.jpg\",\"contentUrl\":\"https:\/\/elserratplanoles.com\/wp-content\/uploads\/2021\/06\/tira-entorno-1.jpg\",\"width\":605,\"height\":465},{\"@type\":\"WebPage\",\"@id\":\"https:\/\/elserratplanoles.com\/entorno\/\",\"url\":\"https:\/\/elserratplanoles.com\/entorno\/\",\"name\":\"Entorn - Turismo Rural El Serrat de Planoles\",\"isPartOf\":{\"@id\":\"https:\/\/elserratplanoles.com\/#website\"},\"primaryImageOfPage\":{\"@id\":\"https:\/\/elserratplanoles.com\/entorno\/#primaryimage\"},\"datePublished\":\"2022-01-26T15:30:28+00:00\",\"dateModified\":\"2022-01-31T12:39:30+00:00\",\"breadcrumb\":{\"@id\":\"https:\/\/elserratplanoles.com\/entorno\/#breadcrumb\"},\"inLanguage\":\"ca\",\"potentialAction\":[{\"@type\":\"ReadAction\",\"target\":[\"https:\/\/elserratplanoles.com\/entorno\/\"]}]},{\"@type\":\"BreadcrumbList\",\"@id\":\"https:\/\/elserratplanoles.com\/entorno\/#breadcrumb\",\"itemListElement\":[{\"@type\":\"ListItem\",\"position\":1,\"name\":\"Portada\",\"item\":\"https:\/\/elserratplanoles.com\/\"},{\"@type\":\"ListItem\",\"position\":2,\"name\":\"Entorn\"}]}]}<\/script>\n<!-- \/ Yoast SEO plugin. -->","yoast_head_json":{"title":"Entorn - Turismo Rural El Serrat de Planoles","robots":{"index":"index","follow":"follow","max-snippet":"max-snippet:-1","max-image-preview":"max-image-preview:large","max-video-preview":"max-video-preview:-1"},"canonical":"https:\/\/elserratplanoles.com\/entorno\/","og_locale":"ca_ES","og_type":"article","og_title":"Entorn - Turismo Rural El Serrat de Planoles","og_description":"ENTORN La natura i la tranquil\u00b7litat per bandera. UN LLOC PER RECONNECTAR Un paisatge \u00fanic entre les muntanyes del Pirineu. Respira i desconnecta de la teva rutina entre aquests meravellosos paratges naturals, ideal per treure&#8217;ns l&#8217;estr\u00e8s i tornar a estar &hellip; Read More","og_url":"https:\/\/elserratplanoles.com\/entorno\/","og_site_name":"Turismo Rural El Serrat de Planoles","article_modified_time":"2022-01-31T12:39:30+00:00","og_image":[{"url":"https:\/\/elserratplanoles.com\/wp-content\/uploads\/2021\/06\/tira-entorno-1.jpg"}],"twitter_card":"summary_large_image","twitter_misc":{"Temps estimat de lectura":"6 minuts"},"schema":{"@context":"https:\/\/schema.org","@graph":[{"@type":"Organization","@id":"https:\/\/elserratplanoles.com\/#organization","name":"Turismo Rural El Serrat de Planoles","url":"https:\/\/elserratplanoles.com\/","sameAs":[],"logo":{"@type":"ImageObject","inLanguage":"ca","@id":"https:\/\/elserratplanoles.com\/#\/schema\/logo\/image\/","url":"https:\/\/elserratplanoles.com\/wp-content\/uploads\/2021\/09\/Logo.jpg","contentUrl":"https:\/\/elserratplanoles.com\/wp-content\/uploads\/2021\/09\/Logo.jpg","width":438,"height":441,"caption":"Turismo Rural El Serrat de Planoles"},"image":{"@id":"https:\/\/elserratplanoles.com\/#\/schema\/logo\/image\/"}},{"@type":"WebSite","@id":"https:\/\/elserratplanoles.com\/#website","url":"https:\/\/elserratplanoles.com\/","name":"Turismo Rural El Serrat de Planoles","description":"Turismo Rural El Serrat de Planoles","publisher":{"@id":"https:\/\/elserratplanoles.com\/#organization"},"potentialAction":[{"@type":"SearchAction","target":{"@type":"EntryPoint","urlTemplate":"https:\/\/elserratplanoles.com\/?s={search_term_string}"},"query-input":"required name=search_term_string"}],"inLanguage":"ca"},{"@type":"ImageObject","inLanguage":"ca","@id":"https:\/\/elserratplanoles.com\/entorno\/#primaryimage","url":"https:\/\/elserratplanoles.com\/wp-content\/uploads\/2021\/06\/tira-entorno-1.jpg","contentUrl":"https:\/\/elserratplanoles.com\/wp-content\/uploads\/2021\/06\/tira-entorno-1.jpg","width":605,"height":465},{"@type":"WebPage","@id":"https:\/\/elserratplanoles.com\/entorno\/","url":"https:\/\/elserratplanoles.com\/entorno\/","name":"Entorn - Turismo Rural El Serrat de Planoles","isPartOf":{"@id":"https:\/\/elserratplanoles.com\/#website"},"primaryImageOfPage":{"@id":"https:\/\/elserratplanoles.com\/entorno\/#primaryimage"},"datePublished":"2022-01-26T15:30:28+00:00","dateModified":"2022-01-31T12:39:30+00:00","breadcrumb":{"@id":"https:\/\/elserratplanoles.com\/entorno\/#breadcrumb"},"inLanguage":"ca","potentialAction":[{"@type":"ReadAction","target":["https:\/\/elserratplanoles.com\/entorno\/"]}]},{"@type":"BreadcrumbList","@id":"https:\/\/elserratplanoles.com\/entorno\/#breadcrumb","itemListElement":[{"@type":"ListItem","position":1,"name":"Portada","item":"https:\/\/elserratplanoles.com\/"},{"@type":"ListItem","position":2,"name":"Entorn"}]}]}},"_links":{"self":[{"href":"https:\/\/elserratplanoles.com\/ca\/wp-json\/wp\/v2\/pages\/2581","targetHints":{"allow":["GET"]}}],"collection":[{"href":"https:\/\/elserratplanoles.com\/ca\/wp-json\/wp\/v2\/pages"}],"about":[{"href":"https:\/\/elserratplanoles.com\/ca\/wp-json\/wp\/v2\/types\/page"}],"author":[{"embeddable":true,"href":"https:\/\/elserratplanoles.com\/ca\/wp-json\/wp\/v2\/users\/1"}],"replies":[{"embeddable":true,"href":"https:\/\/elserratplanoles.com\/ca\/wp-json\/wp\/v2\/comments?post=2581"}],"version-history":[{"count":10,"href":"https:\/\/elserratplanoles.com\/ca\/wp-json\/wp\/v2\/pages\/2581\/revisions"}],"predecessor-version":[{"id":3205,"href":"https:\/\/elserratplanoles.com\/ca\/wp-json\/wp\/v2\/pages\/2581\/revisions\/3205"}],"wp:attachment":[{"href":"https:\/\/elserratplanoles.com\/ca\/wp-json\/wp\/v2\/media?parent=2581"}],"curies":[{"name":"wp","href":"https:\/\/api.w.org\/{rel}","templated":true}]}}